{"id":1839,"date":"2021-01-20T08:44:53","date_gmt":"2021-01-20T08:44:53","guid":{"rendered":"https:\/\/dantzaz.eus\/home\/"},"modified":"2026-03-05T11:49:31","modified_gmt":"2026-03-05T10:49:31","slug":"home","status":"publish","type":"page","link":"https:\/\/dantzaz.eus\/fr\/","title":{"rendered":"C&rsquo;est dantzaz"},"content":{"rendered":"<p>[et_pb_section fb_built=\u00a0\u00bb1&Prime; custom_padding_last_edited=\u00a0\u00bbon|desktop\u00a0\u00bb admin_label=\u00a0\u00bbLanding Hero\u00a0\u00bb module_class=\u00a0\u00bbintro\u00a0\u00bb _builder_version=\u00a0\u00bb4.17.4&Prime; background_color=\u00a0\u00bb#000000&Prime; background_image=\u00a0\u00bbhttps:\/\/dantzaz.eus\/wp-content\/uploads\/2022\/06\/slide.jpg\u00a0\u00bb custom_padding=\u00a0\u00bb260px|0px|260px|0px|false|false\u00a0\u00bb custom_padding_tablet=\u00a0\u00bb220px||220px||false|false\u00a0\u00bb custom_padding_phone=\u00a0\u00bb||140px||false|false\u00a0\u00bb animation_style=\u00a0\u00bbslide\u00a0\u00bb animation_direction=\u00a0\u00bbtop\u00a0\u00bb animation_duration=\u00a0\u00bb750ms\u00a0\u00bb animation_intensity_slide=\u00a0\u00bb2%\u00a0\u00bb background_color_phone=\u00a0\u00bbrgba(0,0,0,0.29)\u00a0\u00bb background_last_edited=\u00a0\u00bboff|phone\u00a0\u00bb background_enable_color_phone=\u00a0\u00bbon\u00a0\u00bb use_background_color_gradient_phone=\u00a0\u00bboff\u00a0\u00bb background_size_phone=\u00a0\u00bbcover\u00a0\u00bb background_position_phone=\u00a0\u00bbtop_center\u00a0\u00bb background_blend_phone=\u00a0\u00bbdarken\u00a0\u00bb locked=\u00a0\u00bboff\u00a0\u00bb global_colors_info=\u00a0\u00bb{}\u00a0\u00bb][et_pb_row column_structure=\u00a0\u00bb1_2,1_2&Prime; _builder_version=\u00a0\u00bb4.17.4&Prime; custom_margin=\u00a0\u00bb|||\u00a0\u00bb custom_width_px=\u00a0\u00bb1280px\u00a0\u00bb global_colors_info=\u00a0\u00bb{}\u00a0\u00bb][et_pb_column type=\u00a0\u00bb1_2&Prime; _builder_version=\u00a0\u00bb4.16&Prime; custom_padding=\u00a0\u00bb|||\u00a0\u00bb global_colors_info=\u00a0\u00bb{}\u00a0\u00bb custom_padding__hover=\u00a0\u00bb|||\u00a0\u00bb][et_pb_text admin_label=\u00a0\u00bbTexto\u00a0\u00bb _builder_version=\u00a0\u00bb4.17.4&Prime; text_text_color=\u00a0\u00bb#FFFFFF\u00a0\u00bb text_line_height=\u00a0\u00bb1.9em\u00a0\u00bb max_width_tablet=\u00a0\u00bb300px\u00a0\u00bb max_width_phone=\u00a0\u00bb\u00a0\u00bb max_width_last_edited=\u00a0\u00bbon|tablet\u00a0\u00bb locked=\u00a0\u00bboff\u00a0\u00bb global_colors_info=\u00a0\u00bb{}\u00a0\u00bb]<\/p>\n<p class=\"intro1\">dantzaz<\/p>\n<p class=\"intro2\">dantza + Z<\/p>\n<p class=\"intro3\">Notre \u00eatre, la danse<\/p>\n<p class=\"intro4\">\u00abLe \u00ab\u00a0Z\u00a0\u00bb exprime notre fa\u00e7on de faire. En basque, la d\u00e9clinaison instrumentale est d\u00e9sign\u00e9e par la lettre \u00ab\u00a0Z\u00a0\u00bb, qui ferme la fin d&rsquo;un mot, faisant r\u00e9f\u00e9rence \u00e0 la mani\u00e8re de faire, comment faire&#8230; La danse est notre \u00eatre et notre fa\u00e7on de faire. Nous dansons en dansant et en faisant danser. Non, ce n&rsquo;est pas une redondance, c&rsquo;est une r\u00e9alit\u00e9\u00bb.<\/p>\n<p class=\"intro5\">Adriana Pous, directrice artistique<\/p>\n<p>[\/et_pb_text][\/et_pb_column][et_pb_column type=\u00a0\u00bb1_2&Prime; module_class=\u00a0\u00bbzeta-img\u00a0\u00bb _builder_version=\u00a0\u00bb4.17.4&Prime; custom_padding=\u00a0\u00bb|||\u00a0\u00bb global_colors_info=\u00a0\u00bb{}\u00a0\u00bb custom_padding__hover=\u00a0\u00bb|||\u00a0\u00bb][et_pb_image src=\u00a0\u00bbhttps:\/\/dantzaz.eus\/wp-content\/uploads\/2022\/06\/Z.png\u00a0\u00bb title_text=\u00a0\u00bbZ\u00a0\u00bb align_tablet=\u00a0\u00bbcenter\u00a0\u00bb align_phone=\u00a0\u00bb\u00a0\u00bb align_last_edited=\u00a0\u00bbon|desktop\u00a0\u00bb _builder_version=\u00a0\u00bb4.17.4&Prime; width_tablet=\u00a0\u00bb210px\u00a0\u00bb width_last_edited=\u00a0\u00bboff|tablet\u00a0\u00bb max_width=\u00a0\u00bb49%\u00a0\u00bb module_alignment=\u00a0\u00bbcenter\u00a0\u00bb custom_margin=\u00a0\u00bb-25px||||false|false\u00a0\u00bb custom_margin_tablet=\u00a0\u00bb95px||||false|false\u00a0\u00bb custom_margin_phone=\u00a0\u00bb\u00a0\u00bb custom_margin_last_edited=\u00a0\u00bbon|tablet\u00a0\u00bb custom_padding=\u00a0\u00bb|||\u00a0\u00bb animation_style=\u00a0\u00bbzoom\u00a0\u00bb animation_direction=\u00a0\u00bbleft\u00a0\u00bb animation_delay=\u00a0\u00bb100ms\u00a0\u00bb animation_intensity_zoom=\u00a0\u00bb20%\u00a0\u00bb global_colors_info=\u00a0\u00bb{}\u00a0\u00bb][\/et_pb_image][\/et_pb_column][\/et_pb_row][\/et_pb_section][et_pb_section fb_built=\u00a0\u00bb1&Prime; _builder_version=\u00a0\u00bb4.16&Prime; _module_preset=\u00a0\u00bbdefault\u00a0\u00bb background_color=\u00a0\u00bb#1e1e1e\u00a0\u00bb custom_margin_tablet=\u00a0\u00bb\u00a0\u00bb custom_margin_phone=\u00a0\u00bb\u00a0\u00bb custom_margin_last_edited=\u00a0\u00bbon|tablet\u00a0\u00bb custom_padding=\u00a0\u00bb45px||45px||false|false\u00a0\u00bb global_colors_info=\u00a0\u00bb{}\u00a0\u00bb][et_pb_row column_structure=\u00a0\u00bb2_5,3_5&Prime; module_class=\u00a0\u00bbpresentacion\u00a0\u00bb _builder_version=\u00a0\u00bb4.17.4&Prime; _module_preset=\u00a0\u00bbdefault\u00a0\u00bb min_height=\u00a0\u00bb270px\u00a0\u00bb custom_margin=\u00a0\u00bb0px||0px||false|false\u00a0\u00bb custom_padding=\u00a0\u00bb20px||5px||false|false\u00a0\u00bb global_colors_info=\u00a0\u00bb{}\u00a0\u00bb][et_pb_column type=\u00a0\u00bb2_5&Prime; module_class=\u00a0\u00bbbloque1&Prime; _builder_version=\u00a0\u00bb4.17.4&Prime; _module_preset=\u00a0\u00bbdefault\u00a0\u00bb background_enable_image=\u00a0\u00bboff\u00a0\u00bb background_size=\u00a0\u00bbcontain\u00a0\u00bb global_colors_info=\u00a0\u00bb{}\u00a0\u00bb][et_pb_text _builder_version=\u00a0\u00bb4.17.4&Prime; _module_preset=\u00a0\u00bbdefault\u00a0\u00bb global_colors_info=\u00a0\u00bb{}\u00a0\u00bb]<\/p>\n<h1>Dantzaz encourage l&#8217;emploi et la professionnalisation dans le secteur de la danse, tout en favorisant la cr\u00e9ation et la recherche en donnant des opportunit\u00e9s aux interpr\u00e8tes et chor\u00e9graphes du monde entier.<\/h1>\n<p>[\/et_pb_text][\/et_pb_column][et_pb_column type=\u00a0\u00bb3_5&Prime; module_class=\u00a0\u00bbbloque2&Prime; _builder_version=\u00a0\u00bb4.17.4&Prime; _module_preset=\u00a0\u00bbdefault\u00a0\u00bb global_colors_info=\u00a0\u00bb{}\u00a0\u00bb][et_pb_text _builder_version=\u00a0\u00bb4.17.4&Prime; _module_preset=\u00a0\u00bbdefault\u00a0\u00bb text_text_color=\u00a0\u00bb#FFFFFF\u00a0\u00bb custom_margin_tablet=\u00a0\u00bb20px||8px||false|false\u00a0\u00bb custom_margin_phone=\u00a0\u00bb\u00a0\u00bb custom_margin_last_edited=\u00a0\u00bbon|tablet\u00a0\u00bb global_colors_info=\u00a0\u00bb{}\u00a0\u00bb]<\/p>\n<p>&nbsp;<\/p>\n<p>Dantzaz proposes le biais de r\u00e9sidences artistiques et de diff\u00e9rents types de contrats et de subventions, et en soutenant des projets de m\u00e9diation et d&rsquo;innovation pour la cr\u00e9ation de nouveaux publics.\u00a0Dantzaz est \u00e9galement un centre situ\u00e9 dans les installations de Gipuzkoako Dantzagunea o\u00f9 l&rsquo;action, la m\u00e9diation, la rencontre avec la communaut\u00e9 et l&rsquo;accompagnement des processus artistiques vont de pair. Elle fait partie d&rsquo;importants r\u00e9seaux de coop\u00e9ration internationale et m\u00e8ne divers projets dans l&rsquo;Euror\u00e9gion Euskadi-Navarre-Nouvelle-Aquitaine gr\u00e2ce au soutien du Conseil provincial de Gipuzkoa, du Gouvernement Basque et de l&rsquo;Institut national des arts sc\u00e9niques et de la musique-INAEM.<\/p>\n<p>Au cours de ses plus de deux d\u00e9cennies d&rsquo;existence, elle a sign\u00e9 plus de cinquante productions et entretient des projets de coop\u00e9ration et d&rsquo;\u00e9changes artistiques avec des institutions d&rsquo;Europe et d&rsquo;Am\u00e9rique.<\/p>\n<p>[\/et_pb_text][\/et_pb_column][\/et_pb_row][\/et_pb_section][et_pb_section fb_built=\u00a0\u00bb1&Prime; module_class=\u00a0\u00bbproyectos\u00a0\u00bb _builder_version=\u00a0\u00bb4.27.4&Prime; _module_preset=\u00a0\u00bbdefault\u00a0\u00bb background_color=\u00a0\u00bb#EDEDED\u00a0\u00bb max_width_tablet=\u00a0\u00bb767px\u00a0\u00bb max_width_phone=\u00a0\u00bb\u00a0\u00bb max_width_last_edited=\u00a0\u00bbon|tablet\u00a0\u00bb custom_margin_tablet=\u00a0\u00bb|auto||auto|false|false\u00a0\u00bb custom_margin_phone=\u00a0\u00bb\u00a0\u00bb custom_margin_last_edited=\u00a0\u00bbon|tablet\u00a0\u00bb global_colors_info=\u00a0\u00bb{}\u00a0\u00bb][et_pb_row _builder_version=\u00a0\u00bb4.17.4&Prime; _module_preset=\u00a0\u00bbdefault\u00a0\u00bb custom_margin=\u00a0\u00bb0px||0px||false|false\u00a0\u00bb custom_padding=\u00a0\u00bb0px||0px||false|false\u00a0\u00bb global_colors_info=\u00a0\u00bb{}\u00a0\u00bb][et_pb_column type=\u00a0\u00bb4_4&Prime; _builder_version=\u00a0\u00bb4.16&Prime; _module_preset=\u00a0\u00bbdefault\u00a0\u00bb global_colors_info=\u00a0\u00bb{}\u00a0\u00bb][et_pb_text admin_label=\u00a0\u00bbTexte\u00a0\u00bb _builder_version=\u00a0\u00bb4.27.4&Prime; _module_preset=\u00a0\u00bbdefault\u00a0\u00bb text_orientation=\u00a0\u00bbcenter\u00a0\u00bb global_colors_info=\u00a0\u00bb{}\u00a0\u00bb]<\/p>\n<p>C&rsquo;est dantzaz<\/p>\n<h2>Derni\u00e8res nouvelles<\/h2>\n<p>[\/et_pb_text][\/et_pb_column][\/et_pb_row][et_pb_row admin_label=\u00a0\u00bbproyectos\u00a0\u00bb _builder_version=\u00a0\u00bb4.17.4&Prime; custom_padding=\u00a0\u00bb|0px||0px|false|false\u00a0\u00bb global_colors_info=\u00a0\u00bb{}\u00a0\u00bb][et_pb_column type=\u00a0\u00bb4_4&Prime; module_class=\u00a0\u00bbimagen\u00a0\u00bb _builder_version=\u00a0\u00bb4.16&Prime; custom_padding=\u00a0\u00bb|||\u00a0\u00bb global_colors_info=\u00a0\u00bb{}\u00a0\u00bb custom_padding__hover=\u00a0\u00bb|||\u00a0\u00bb][et_pb_post_slider posts_number=\u00a0\u00bb4&Prime; include_categories=\u00a0\u00bball\u00a0\u00bb more_text=\u00a0\u00bbEn savoir plus&#8230;\u00a0\u00bb use_manual_excerpt=\u00a0\u00bboff\u00a0\u00bb use_text_overlay=\u00a0\u00bboff\u00a0\u00bb admin_label=\u00a0\u00bbCarrusel noticias\u00a0\u00bb _builder_version=\u00a0\u00bb4.27.4&Prime; _module_preset=\u00a0\u00bbdefault\u00a0\u00bb module_alignment=\u00a0\u00bbcenter\u00a0\u00bb content_width=\u00a0\u00bb100%\u00a0\u00bb custom_margin=\u00a0\u00bb||||false|false\u00a0\u00bb custom_padding=\u00a0\u00bb10%||10%||false|false\u00a0\u00bb header_text_shadow_style=\u00a0\u00bbpreset1&Prime; body_text_shadow_style=\u00a0\u00bbpreset1&Prime; body_text_shadow_blur_strength=\u00a0\u00bb0.28em\u00a0\u00bb body_text_shadow_color=\u00a0\u00bb#000000&Prime; border_radii=\u00a0\u00bbon|15px|15px|15px|15px\u00a0\u00bb border_radii_image=\u00a0\u00bbon|5px|5px|5px|5px\u00a0\u00bb box_shadow_style=\u00a0\u00bbpreset1&Prime; box_shadow_blur=\u00a0\u00bb3px\u00a0\u00bb text_shadow_style=\u00a0\u00bbpreset3&Prime; text_shadow_blur_strength=\u00a0\u00bb1.85em\u00a0\u00bb text_shadow_color=\u00a0\u00bb#000000&Prime; saved_tabs=\u00a0\u00bball\u00a0\u00bb locked=\u00a0\u00bboff\u00a0\u00bb global_colors_info=\u00a0\u00bb{}\u00a0\u00bb][\/et_pb_post_slider][\/et_pb_column][\/et_pb_row][\/et_pb_section]<\/p>\n","protected":false},"excerpt":{"rendered":"<p>dantzaz dantza + Z Notre \u00eatre, la danse \u00abLe \u00ab\u00a0Z\u00a0\u00bb exprime notre fa\u00e7on de faire. En basque, la d\u00e9clinaison instrumentale est d\u00e9sign\u00e9e par la lettre \u00ab\u00a0Z\u00a0\u00bb, qui ferme la fin d&rsquo;un mot, faisant r\u00e9f\u00e9rence \u00e0 la mani\u00e8re de faire, comment faire&#8230; La danse est notre \u00eatre et notre fa\u00e7on de faire. Nous dansons en dansant [&hellip;]<\/p>\n","protected":false},"author":1,"featured_media":0,"parent":0,"menu_order":0,"comment_status":"closed","ping_status":"closed","template":"","meta":{"_acf_changed":false,"_et_pb_use_builder":"on","_et_pb_old_content":"","_et_gb_content_width":"","content-type":"","footnotes":""},"class_list":["post-1839","page","type-page","status-publish","hentry"],"acf":[],"yoast_head":"<!-- This site is optimized with the Yoast SEO plugin v27.4 - https:\/\/yoast.com\/product\/yoast-seo-wordpress\/ -->\n<title>C&#039;est dantzaz - Dantzaz<\/title>\n<meta name=\"robots\" content=\"index, follow, max-snippet:-1, max-image-preview:large, max-video-preview:-1\" \/>\n<link rel=\"canonical\" href=\"https:\/\/dantzaz.eus\/\" \/>\n<meta property=\"og:locale\" content=\"fr_FR\" \/>\n<meta property=\"og:type\" content=\"article\" \/>\n<meta property=\"og:title\" content=\"C&#039;est dantzaz - Dantzaz\" \/>\n<meta property=\"og:description\" content=\"dantzaz dantza + Z Notre \u00eatre, la danse \u00abLe &quot;Z&quot; exprime notre fa\u00e7on de faire. En basque, la d\u00e9clinaison instrumentale est d\u00e9sign\u00e9e par la lettre &quot;Z&quot;, qui ferme la fin d&#039;un mot, faisant r\u00e9f\u00e9rence \u00e0 la mani\u00e8re de faire, comment faire... La danse est notre \u00eatre et notre fa\u00e7on de faire. Nous dansons en dansant [&hellip;]\" \/>\n<meta property=\"og:url\" content=\"https:\/\/dantzaz.eus\/\" \/>\n<meta property=\"og:site_name\" content=\"Dantzaz\" \/>\n<meta property=\"article:publisher\" content=\"https:\/\/www.facebook.com\/Dantzaz\" \/>\n<meta property=\"article:modified_time\" content=\"2026-03-05T10:49:31+00:00\" \/>\n<meta name=\"twitter:card\" content=\"summary_large_image\" \/>\n<meta name=\"twitter:label1\" content=\"Dur\u00e9e de lecture estim\u00e9e\" \/>\n\t<meta name=\"twitter:data1\" content=\"5 minutes\" \/>\n<script type=\"application\/ld+json\" class=\"yoast-schema-graph\">{\"@context\":\"https:\\\/\\\/schema.org\",\"@graph\":[{\"@type\":\"WebPage\",\"@id\":\"https:\\\/\\\/dantzaz.eus\\\/\",\"url\":\"https:\\\/\\\/dantzaz.eus\\\/\",\"name\":\"C'est dantzaz - Dantzaz\",\"isPartOf\":{\"@id\":\"https:\\\/\\\/dantzaz.eus\\\/#website\"},\"datePublished\":\"2021-01-20T08:44:53+00:00\",\"dateModified\":\"2026-03-05T10:49:31+00:00\",\"breadcrumb\":{\"@id\":\"https:\\\/\\\/dantzaz.eus\\\/#breadcrumb\"},\"inLanguage\":\"fr-FR\",\"potentialAction\":[{\"@type\":\"ReadAction\",\"target\":[\"https:\\\/\\\/dantzaz.eus\\\/\"]}]},{\"@type\":\"BreadcrumbList\",\"@id\":\"https:\\\/\\\/dantzaz.eus\\\/#breadcrumb\",\"itemListElement\":[{\"@type\":\"ListItem\",\"position\":1,\"name\":\"Home\",\"item\":\"https:\\\/\\\/dantzaz.eus\\\/\"},{\"@type\":\"ListItem\",\"position\":2,\"name\":\"C&#8217;est dantzaz\"}]},{\"@type\":\"WebSite\",\"@id\":\"https:\\\/\\\/dantzaz.eus\\\/#website\",\"url\":\"https:\\\/\\\/dantzaz.eus\\\/\",\"name\":\"Dantzaz\",\"description\":\"Dantzaz\",\"publisher\":{\"@id\":\"https:\\\/\\\/dantzaz.eus\\\/#organization\"},\"potentialAction\":[{\"@type\":\"SearchAction\",\"target\":{\"@type\":\"EntryPoint\",\"urlTemplate\":\"https:\\\/\\\/dantzaz.eus\\\/?s={search_term_string}\"},\"query-input\":{\"@type\":\"PropertyValueSpecification\",\"valueRequired\":true,\"valueName\":\"search_term_string\"}}],\"inLanguage\":\"fr-FR\"},{\"@type\":\"Organization\",\"@id\":\"https:\\\/\\\/dantzaz.eus\\\/#organization\",\"name\":\"Dantzaz\",\"url\":\"https:\\\/\\\/dantzaz.eus\\\/\",\"logo\":{\"@type\":\"ImageObject\",\"inLanguage\":\"fr-FR\",\"@id\":\"https:\\\/\\\/dantzaz.eus\\\/#\\\/schema\\\/logo\\\/image\\\/\",\"url\":\"https:\\\/\\\/dantzaz.eus\\\/wp-content\\\/uploads\\\/2021\\\/01\\\/logo-footer-1.jpg\",\"contentUrl\":\"https:\\\/\\\/dantzaz.eus\\\/wp-content\\\/uploads\\\/2021\\\/01\\\/logo-footer-1.jpg\",\"width\":255,\"height\":57,\"caption\":\"Dantzaz\"},\"image\":{\"@id\":\"https:\\\/\\\/dantzaz.eus\\\/#\\\/schema\\\/logo\\\/image\\\/\"},\"sameAs\":[\"https:\\\/\\\/www.facebook.com\\\/Dantzaz\",\"https:\\\/\\\/www.instagram.com\\\/dantzaz\",\"https:\\\/\\\/www.linkedin.com\\\/company\\\/dantzaz\"]}]}<\/script>\n<!-- \/ Yoast SEO plugin. -->","yoast_head_json":{"title":"C'est dantzaz - Dantzaz","robots":{"index":"index","follow":"follow","max-snippet":"max-snippet:-1","max-image-preview":"max-image-preview:large","max-video-preview":"max-video-preview:-1"},"canonical":"https:\/\/dantzaz.eus\/","og_locale":"fr_FR","og_type":"article","og_title":"C'est dantzaz - Dantzaz","og_description":"dantzaz dantza + Z Notre \u00eatre, la danse \u00abLe \"Z\" exprime notre fa\u00e7on de faire. En basque, la d\u00e9clinaison instrumentale est d\u00e9sign\u00e9e par la lettre \"Z\", qui ferme la fin d'un mot, faisant r\u00e9f\u00e9rence \u00e0 la mani\u00e8re de faire, comment faire... La danse est notre \u00eatre et notre fa\u00e7on de faire. Nous dansons en dansant [&hellip;]","og_url":"https:\/\/dantzaz.eus\/","og_site_name":"Dantzaz","article_publisher":"https:\/\/www.facebook.com\/Dantzaz","article_modified_time":"2026-03-05T10:49:31+00:00","twitter_card":"summary_large_image","twitter_misc":{"Dur\u00e9e de lecture estim\u00e9e":"5 minutes"},"schema":{"@context":"https:\/\/schema.org","@graph":[{"@type":"WebPage","@id":"https:\/\/dantzaz.eus\/","url":"https:\/\/dantzaz.eus\/","name":"C'est dantzaz - Dantzaz","isPartOf":{"@id":"https:\/\/dantzaz.eus\/#website"},"datePublished":"2021-01-20T08:44:53+00:00","dateModified":"2026-03-05T10:49:31+00:00","breadcrumb":{"@id":"https:\/\/dantzaz.eus\/#breadcrumb"},"inLanguage":"fr-FR","potentialAction":[{"@type":"ReadAction","target":["https:\/\/dantzaz.eus\/"]}]},{"@type":"BreadcrumbList","@id":"https:\/\/dantzaz.eus\/#breadcrumb","itemListElement":[{"@type":"ListItem","position":1,"name":"Home","item":"https:\/\/dantzaz.eus\/"},{"@type":"ListItem","position":2,"name":"C&#8217;est dantzaz"}]},{"@type":"WebSite","@id":"https:\/\/dantzaz.eus\/#website","url":"https:\/\/dantzaz.eus\/","name":"Dantzaz","description":"Dantzaz","publisher":{"@id":"https:\/\/dantzaz.eus\/#organization"},"potentialAction":[{"@type":"SearchAction","target":{"@type":"EntryPoint","urlTemplate":"https:\/\/dantzaz.eus\/?s={search_term_string}"},"query-input":{"@type":"PropertyValueSpecification","valueRequired":true,"valueName":"search_term_string"}}],"inLanguage":"fr-FR"},{"@type":"Organization","@id":"https:\/\/dantzaz.eus\/#organization","name":"Dantzaz","url":"https:\/\/dantzaz.eus\/","logo":{"@type":"ImageObject","inLanguage":"fr-FR","@id":"https:\/\/dantzaz.eus\/#\/schema\/logo\/image\/","url":"https:\/\/dantzaz.eus\/wp-content\/uploads\/2021\/01\/logo-footer-1.jpg","contentUrl":"https:\/\/dantzaz.eus\/wp-content\/uploads\/2021\/01\/logo-footer-1.jpg","width":255,"height":57,"caption":"Dantzaz"},"image":{"@id":"https:\/\/dantzaz.eus\/#\/schema\/logo\/image\/"},"sameAs":["https:\/\/www.facebook.com\/Dantzaz","https:\/\/www.instagram.com\/dantzaz","https:\/\/www.linkedin.com\/company\/dantzaz"]}]}},"_links":{"self":[{"href":"https:\/\/dantzaz.eus\/fr\/wp-json\/wp\/v2\/pages\/1839","targetHints":{"allow":["GET"]}}],"collection":[{"href":"https:\/\/dantzaz.eus\/fr\/wp-json\/wp\/v2\/pages"}],"about":[{"href":"https:\/\/dantzaz.eus\/fr\/wp-json\/wp\/v2\/types\/page"}],"author":[{"embeddable":true,"href":"https:\/\/dantzaz.eus\/fr\/wp-json\/wp\/v2\/users\/1"}],"replies":[{"embeddable":true,"href":"https:\/\/dantzaz.eus\/fr\/wp-json\/wp\/v2\/comments?post=1839"}],"version-history":[{"count":10,"href":"https:\/\/dantzaz.eus\/fr\/wp-json\/wp\/v2\/pages\/1839\/revisions"}],"predecessor-version":[{"id":5746,"href":"https:\/\/dantzaz.eus\/fr\/wp-json\/wp\/v2\/pages\/1839\/revisions\/5746"}],"wp:attachment":[{"href":"https:\/\/dantzaz.eus\/fr\/wp-json\/wp\/v2\/media?parent=1839"}],"curies":[{"name":"wp","href":"https:\/\/api.w.org\/{rel}","templated":true}]}}