{"id":575,"date":"2022-07-06T17:10:24","date_gmt":"2022-07-06T17:10:24","guid":{"rendered":"https:\/\/dantzaz.eus\/?page_id=575"},"modified":"2023-07-22T07:13:43","modified_gmt":"2023-07-22T07:13:43","slug":"creacion","status":"publish","type":"page","link":"https:\/\/dantzaz.eus\/es\/creacion\/","title":{"rendered":"Creaci\u00f3n"},"content":{"rendered":"<p>[et_pb_section fb_built=\u00bb1&#8243; admin_label=\u00bbsection\u00bb module_id=\u00bbintro-titular\u00bb _builder_version=\u00bb4.17.4&#8243; background_image=\u00bbhttps:\/\/dantzaz.eus\/wp-content\/uploads\/2022\/07\/fondo-creacion.jpg\u00bb global_colors_info=\u00bb{}\u00bb][et_pb_row admin_label=\u00bbrow\u00bb module_class=\u00bbancho2&#8243; _builder_version=\u00bb4.17.4&#8243; background_size=\u00bbinitial\u00bb background_position=\u00bbtop_left\u00bb background_repeat=\u00bbrepeat\u00bb global_colors_info=\u00bb{}\u00bb][et_pb_column type=\u00bb4_4&#8243; _builder_version=\u00bb4.16&#8243; custom_padding=\u00bb|||\u00bb global_colors_info=\u00bb{}\u00bb custom_padding__hover=\u00bb|||\u00bb][et_pb_text _builder_version=\u00bb4.17.4&#8243; _module_preset=\u00bbdefault\u00bb text_text_color=\u00bb#FFFFFF\u00bb global_colors_info=\u00bb{}\u00bb]<\/p>\n<p style=\"text-align: center;\"><strong>Una <span class=\"fucsia\">Zona<\/span> para el primer paso en la creaci\u00f3n<\/strong><\/p>\n<p>[\/et_pb_text][\/et_pb_column][\/et_pb_row][\/et_pb_section][et_pb_section fb_built=\u00bb1&#8243; module_class=\u00bbancho2 oscuro zright\u00bb _builder_version=\u00bb4.17.4&#8243; _module_preset=\u00bbdefault\u00bb background_color=\u00bb#222222&#8243; global_colors_info=\u00bb{}\u00bb][et_pb_row module_class=\u00bbancho2&#8243; _builder_version=\u00bb4.17.4&#8243; _module_preset=\u00bbdefault\u00bb custom_padding=\u00bb||0px||false|false\u00bb global_colors_info=\u00bb{}\u00bb][et_pb_column type=\u00bb4_4&#8243; _builder_version=\u00bb4.17.4&#8243; _module_preset=\u00bbdefault\u00bb global_colors_info=\u00bb{}\u00bb][et_pb_text _builder_version=\u00bb4.17.4&#8243; _module_preset=\u00bbdefault\u00bb text_text_color=\u00bb#FFFFFF\u00bb text_orientation=\u00bbcenter\u00bb global_colors_info=\u00bb{}\u00bb]<\/p>\n<p class=\"dantzaz gris\">Dantzaz es creaci\u00f3n<\/p>\n<h1>Dantzaz es creaci\u00f3n<\/h1>\n<p>[\/et_pb_text][et_pb_text _builder_version=\u00bb4.17.4&#8243; _module_preset=\u00bbdefault\u00bb global_colors_info=\u00bb{}\u00bb]<\/p>\n<h3><span class=\"capital\">Z<\/span>ONA<\/h3>\n<h3 class=\"destacado\">PROGRAMA DE RESIDENCIAS<\/h3>\n<p>[\/et_pb_text][\/et_pb_column][\/et_pb_row][et_pb_row column_structure=\u00bb1_2,1_2&#8243; module_class=\u00bbancho2&#8243; _builder_version=\u00bb4.17.4&#8243; _module_preset=\u00bbdefault\u00bb global_colors_info=\u00bb{}\u00bb][et_pb_column type=\u00bb1_2&#8243; _builder_version=\u00bb4.17.4&#8243; _module_preset=\u00bbdefault\u00bb global_colors_info=\u00bb{}\u00bb][et_pb_text module_class=\u00bbdestacado2&#8243; _builder_version=\u00bb4.17.4&#8243; _module_preset=\u00bbdefault\u00bb global_colors_info=\u00bb{}\u00bb]<\/p>\n<p>Con este nombre denominamos esa primera zona que pone en contacto a nuevos talentos de la escritura coreogr\u00e1fica con Dantzaz. La compa\u00f1\u00eda ofrece residencias de diversos formatos, inspiradas en las necesidades que exige cada proceso creativo.<\/p>\n<p>[\/et_pb_text][et_pb_text module_class=\u00bbmontaje\u00bb _builder_version=\u00bb4.17.4&#8243; _module_preset=\u00bbdefault\u00bb global_colors_info=\u00bb{}\u00bb]<\/p>\n<p><img loading=\"lazy\" decoding=\"async\" class=\"alignnone wp-image-654 size-full\" src=\"https:\/\/dantzaz.eus\/wp-content\/uploads\/2022\/07\/creacion3.jpg\" alt=\"\" width=\"296\" height=\"484\" srcset=\"https:\/\/dantzaz.eus\/wp-content\/uploads\/2022\/07\/creacion3.jpg 296w, https:\/\/dantzaz.eus\/wp-content\/uploads\/2022\/07\/creacion3-183x300.jpg 183w\" sizes=\"(max-width: 296px) 100vw, 296px\" \/><img loading=\"lazy\" decoding=\"async\" class=\"alignnone wp-image-652 size-full\" src=\"https:\/\/dantzaz.eus\/wp-content\/uploads\/2022\/07\/creacion7.jpg\" alt=\"\" width=\"481\" height=\"340\" srcset=\"https:\/\/dantzaz.eus\/wp-content\/uploads\/2022\/07\/creacion7.jpg 481w, https:\/\/dantzaz.eus\/wp-content\/uploads\/2022\/07\/creacion7-300x212.jpg 300w, https:\/\/dantzaz.eus\/wp-content\/uploads\/2022\/07\/creacion7-400x284.jpg 400w\" sizes=\"(max-width: 481px) 100vw, 481px\" \/><\/p>\n<p>[\/et_pb_text][\/et_pb_column][et_pb_column type=\u00bb1_2&#8243; _builder_version=\u00bb4.17.4&#8243; _module_preset=\u00bbdefault\u00bb global_colors_info=\u00bb{}\u00bb][et_pb_text module_class=\u00bbrosa\u00bb _builder_version=\u00bb4.17.4&#8243; _module_preset=\u00bbdefault\u00bb global_colors_info=\u00bb{}\u00bb]<\/p>\n<p>Suponen, en definitiva, una oportunidad para conocerse: la antesala para el desarrollo posterior de proyectos y producciones art\u00edsticas. Anualmente, y a trav\u00e9s de diferentes programas y modalidades, Dantzaz acoge entre 3 y 4 core\u00f3grafos\/as en ZONA.<\/p>\n<p>A lo largo de la historia de Dantzaz, los programas de residencia han ido adapt\u00e1ndose a la naturaleza de esos acuerdos locales e internacionales que estimulan con mayor energ\u00eda y proyecci\u00f3n la creaci\u00f3n coreogr\u00e1fica. A ra\u00edz de esta escucha dialogada Dantzaz promueve y acoge:<\/p>\n<p>[\/et_pb_text][et_pb_image src=\u00bbhttps:\/\/dantzaz.eus\/wp-content\/uploads\/2022\/07\/creacion6.jpg\u00bb title_text=\u00bbcreacion6&#8243; align=\u00bbcenter\u00bb module_class=\u00bbescritorio\u00bb _builder_version=\u00bb4.17.4&#8243; _module_preset=\u00bbdefault\u00bb global_colors_info=\u00bb{}\u00bb][\/et_pb_image][\/et_pb_column][\/et_pb_row][\/et_pb_section][et_pb_section fb_built=\u00bb1&#8243; module_class=\u00bbancho2 zleft\u00bb _builder_version=\u00bb4.17.4&#8243; _module_preset=\u00bbdefault\u00bb custom_padding=\u00bb35px||35px||false|false\u00bb global_colors_info=\u00bb{}\u00bb][et_pb_row column_structure=\u00bb1_2,1_2&#8243; make_equal=\u00bbon\u00bb module_class=\u00bbrecuadros\u00bb _builder_version=\u00bb4.17.4&#8243; _module_preset=\u00bbdefault\u00bb global_colors_info=\u00bb{}\u00bb][et_pb_column type=\u00bb1_2&#8243; _builder_version=\u00bb4.17.4&#8243; _module_preset=\u00bbdefault\u00bb global_colors_info=\u00bb{}\u00bb][et_pb_text module_class=\u00bbrecuadro\u00bb _builder_version=\u00bb4.17.4&#8243; _module_preset=\u00bbdefault\u00bb global_colors_info=\u00bb{}\u00bb]<\/p>\n<h4><strong>Residencias internacionales rec\u00edprocas<\/strong><\/h4>\n<p>Artistas locales (de la Eurorregi\u00f3n Euskadi-Navarra-Nueva Aquitania) intercambian espacios de trabajo con creadores internacionales. Con ese prop\u00f3sito, Dantzaz ha establecido acuerdos de colaboraci\u00f3n con entidades de Italia, Escocia, Pa\u00edses Bajos, Quebec (Canad\u00e1) o Eslovenia y, en la actualidad, est\u00e1 ampliando su red de partners a M\u00e9xico, Costa Rica y otros pa\u00edses latinoamericanos.<\/p>\n<p>[\/et_pb_text][\/et_pb_column][et_pb_column type=\u00bb1_2&#8243; _builder_version=\u00bb4.17.4&#8243; _module_preset=\u00bbdefault\u00bb global_colors_info=\u00bb{}\u00bb][et_pb_text module_class=\u00bbrecuadro\u00bb _builder_version=\u00bb4.17.4&#8243; _module_preset=\u00bbdefault\u00bb global_colors_info=\u00bb{}\u00bb]<\/p>\n<h4><strong>Acuerdos con cert\u00e1menes coreogr\u00e1ficos<\/strong><\/h4>\n<p>Dantzaz tambi\u00e9n apoya la emergencia de nuevos talentos a nivel local, nacional e internacional a trav\u00e9s de diversos acuerdos firmados con cert\u00e1menes coreogr\u00e1ficos del prestigio de los de Sens (Francia), Stuttgart y Hannover (Alemania), o Madrid.<\/p>\n<p>[\/et_pb_text][\/et_pb_column][\/et_pb_row][et_pb_row column_structure=\u00bb1_2,1_2&#8243; make_equal=\u00bbon\u00bb module_class=\u00bbrecuadros\u00bb _builder_version=\u00bb4.17.4&#8243; _module_preset=\u00bbdefault\u00bb global_colors_info=\u00bb{}\u00bb][et_pb_column type=\u00bb1_2&#8243; _builder_version=\u00bb4.17.4&#8243; _module_preset=\u00bbdefault\u00bb global_colors_info=\u00bb{}\u00bb][et_pb_text module_class=\u00bbrecuadro\u00bb _builder_version=\u00bb4.17.4&#8243; _module_preset=\u00bbdefault\u00bb global_colors_info=\u00bb{}\u00bb]<\/p>\n<h4><strong>Ex-miembros de Dantzaz<\/strong><\/h4>\n<p>El contacto y seguimiento de la gran red de profesionales que pasa por Dantzaz (m\u00e1s de 150) da sentido a esta l\u00ednea de acogida en residencia de antiguos miembros de la compa\u00f1\u00eda cuyo objetivo es fortalecer su evoluci\u00f3n art\u00edstica. Judith Arg\u00f3maniz o Martin Harriague, entre otros, son ex-miembros de Dantzaz que han tenido la oportunidad de firmar coreograf\u00edas para la compa\u00f1\u00eda.<\/p>\n<p>[\/et_pb_text][\/et_pb_column][et_pb_column type=\u00bb1_2&#8243; _builder_version=\u00bb4.17.4&#8243; _module_preset=\u00bbdefault\u00bb global_colors_info=\u00bb{}\u00bb][et_pb_text module_class=\u00bbrecuadro\u00bb _builder_version=\u00bb4.17.4&#8243; _module_preset=\u00bbdefault\u00bb global_colors_info=\u00bb{}\u00bb]<\/p>\n<h4><strong>Curadur\u00eda propia<\/strong><\/h4>\n<p>Dantzaz invita a core\u00f3grafas y core\u00f3grafos a participar en residencias de curadur\u00eda propia bas\u00e1ndose en un ecosistema amplio que atiende las necesidades del p\u00fablico y los programadores locales, as\u00ed como los intereses de los\/as int\u00e9rpretes y del sector de la danza local.<\/p>\n<p>[\/et_pb_text][\/et_pb_column][\/et_pb_row][et_pb_row _builder_version=\u00bb4.17.4&#8243; _module_preset=\u00bbdefault\u00bb global_colors_info=\u00bb{}\u00bb][et_pb_column type=\u00bb4_4&#8243; _builder_version=\u00bb4.17.4&#8243; _module_preset=\u00bbdefault\u00bb global_colors_info=\u00bb{}\u00bb][et_pb_text module_class=\u00bb ancho3&#8243; _builder_version=\u00bb4.17.4&#8243; _module_preset=\u00bbdefault\u00bb global_colors_info=\u00bb{}\u00bb]<\/p>\n<p class=\"destacado3\">Estas residencias, cuya duraci\u00f3n se extiende entre dos y seis semanas, tienen en cuenta aspectos como la exploraci\u00f3n, la investigaci\u00f3n, la mediaci\u00f3n y la creaci\u00f3n coreogr\u00e1fica. Algunos de estos procesos de acogida incluyen, asimismo, el desarrollo de una sencilla producci\u00f3n con vestuario e iluminaci\u00f3n espec\u00edficas.<\/p>\n<p><strong>Si eres un creador o creadora y quieres formar parte de nuestra ZONA (programa de residencias) escr\u00edbenos a <a href=\"mailto:artistik@dantzaz.eus\">artistik@dantzaz.eus<\/a>.<\/strong><\/p>\n<p>[\/et_pb_text][\/et_pb_column][\/et_pb_row][\/et_pb_section][et_pb_section fb_built=\u00bb1&#8243; module_class=\u00bbfondovideo\u00bb _builder_version=\u00bb4.17.4&#8243; _module_preset=\u00bbdefault\u00bb background_enable_color=\u00bboff\u00bb background_image=\u00bbhttps:\/\/dantzaz.eus\/wp-content\/uploads\/2022\/07\/fondo-video.jpg\u00bb global_colors_info=\u00bb{}\u00bb][et_pb_row module_class=\u00bbancho2&#8243; _builder_version=\u00bb4.17.4&#8243; _module_preset=\u00bbdefault\u00bb custom_padding=\u00bb||0px||false|false\u00bb global_colors_info=\u00bb{}\u00bb][et_pb_column type=\u00bb4_4&#8243; _builder_version=\u00bb4.17.4&#8243; _module_preset=\u00bbdefault\u00bb global_colors_info=\u00bb{}\u00bb][et_pb_image src=\u00bbhttps:\/\/dantzaz.eus\/wp-content\/uploads\/2022\/07\/play2.png\u00bb title_text=\u00bbplay2&#8243; url=\u00bbhttps:\/\/player.vimeo.com\/video\/692195164?h=5a20840510&#038;autoplay=1&#8243; align=\u00bbcenter\u00bb module_class=\u00bbvideo_popup\u00bb _builder_version=\u00bb4.17.4&#8243; _module_preset=\u00bbdefault\u00bb global_colors_info=\u00bb{}\u00bb][\/et_pb_image][et_pb_code _builder_version=\u00bb4.17.4&#8243; _module_preset=\u00bbdefault\u00bb global_colors_info=\u00bb{}\u00bb]<script type=\"text\/javascript\"><!-- [et_pb_line_break_holder] -->(function($) {<!-- [et_pb_line_break_holder] -->\t$(document).ready(function() {<!-- [et_pb_line_break_holder] -->\t\t$('a.video_popup, .video_popup a').magnificPopup({<!-- [et_pb_line_break_holder] -->\t\t\ttype: 'iframe',<!-- [et_pb_line_break_holder] -->\t\t\tmainClass: 'mfp-fade',<!-- [et_pb_line_break_holder] -->\t\t\tremovalDelay: 160,<!-- [et_pb_line_break_holder] -->\t\t\tpreloader: false,<!-- [et_pb_line_break_holder] -->\t\t\tfixedContentPos: false,<!-- [et_pb_line_break_holder] -->       autoplay: true<!-- [et_pb_line_break_holder] -->\t\t});<!-- [et_pb_line_break_holder] -->\t});<!-- [et_pb_line_break_holder] -->})(jQuery);<!-- [et_pb_line_break_holder] --><\/script>[\/et_pb_code][\/et_pb_column][\/et_pb_row][\/et_pb_section][et_pb_section fb_built=\u00bb1&#8243; module_class=\u00bbancho2 oscuro zright\u00bb _builder_version=\u00bb4.17.4&#8243; _module_preset=\u00bbdefault\u00bb background_color=\u00bb#222222&#8243; global_colors_info=\u00bb{}\u00bb][et_pb_row module_class=\u00bbancho2&#8243; _builder_version=\u00bb4.17.4&#8243; _module_preset=\u00bbdefault\u00bb custom_padding=\u00bb||0px||false|false\u00bb global_colors_info=\u00bb{}\u00bb][et_pb_column type=\u00bb4_4&#8243; _builder_version=\u00bb4.17.4&#8243; _module_preset=\u00bbdefault\u00bb global_colors_info=\u00bb{}\u00bb][et_pb_text module_class=\u00bbfucsia\u00bb _builder_version=\u00bb4.17.4&#8243; _module_preset=\u00bbdefault\u00bb global_colors_info=\u00bb{}\u00bb]<\/p>\n<h2>Red Atalak<\/h2>\n<p>[\/et_pb_text][\/et_pb_column][\/et_pb_row][et_pb_row column_structure=\u00bb1_2,1_2&#8243; module_class=\u00bbancho2&#8243; _builder_version=\u00bb4.17.4&#8243; _module_preset=\u00bbdefault\u00bb global_colors_info=\u00bb{}\u00bb][et_pb_column type=\u00bb1_2&#8243; _builder_version=\u00bb4.17.4&#8243; _module_preset=\u00bbdefault\u00bb global_colors_info=\u00bb{}\u00bb][et_pb_text module_class=\u00bbdestacado\u00bb _builder_version=\u00bb4.17.4&#8243; _module_preset=\u00bbdefault\u00bb global_colors_info=\u00bb{}\u00bb]<\/p>\n<p>La misi\u00f3n que impuls\u00f3 el nacimiento de la Red Atalak es el desarrollo de oportunidades para el sector de la danza contempor\u00e1nea en la Eurorregi\u00f3n Euskadi-Navarra-Nueva Aquitania.<\/p>\n<p>[\/et_pb_text][et_pb_image src=\u00bbhttps:\/\/dantzaz.eus\/wp-content\/uploads\/2022\/07\/creacion.jpg\u00bb title_text=\u00bbcreacion\u00bb _builder_version=\u00bb4.17.4&#8243; _module_preset=\u00bbdefault\u00bb global_colors_info=\u00bb{}\u00bb][\/et_pb_image][\/et_pb_column][et_pb_column type=\u00bb1_2&#8243; _builder_version=\u00bb4.17.4&#8243; _module_preset=\u00bbdefault\u00bb global_colors_info=\u00bb{}\u00bb][et_pb_text module_class=\u00bbrosa\u00bb _builder_version=\u00bb4.17.4&#8243; _module_preset=\u00bbdefault\u00bb global_colors_info=\u00bb{}\u00bb]<\/p>\n<p>Dantzaz es el jefe de filas de esta red transfronteriza que integran el CCN Malandain-Ballet Biarritz, la Fundaci\u00f3n Baluarte, Tabakalera, Gipuzkoako Dantzagunea y la Red de Teatros de Vitoria-Gasteiz, adem\u00e1s de una plataforma de aliados cada vez m\u00e1s extensa que incluye a instituciones como la Escuela Superior de Arte Dram\u00e1tico y Danza-Dantzerti, el Espacio de Creaci\u00f3n Azala, el Conservatorio de Danza Jos\u00e9 Uru\u00f1uela de Vitoria-Gasteiz, el Archivo de la M\u00fasica y Artes Esc\u00e9nicas de Navarra y ERESBIL, entre otros.<\/p>\n<p>Atalak impulsa residencias de experimentaci\u00f3n e investigaci\u00f3n, potencia los procesos de escritura coreogr\u00e1fica grupales (con entre 8 y 14 int\u00e9rpretes) y facilita el acompa\u00f1amiento en el desarrollo de las propuestas de artistas que se encuentran en las etapas iniciales de su carrera. De forma complementaria, genera espacios de networking y ofrece herramientas de interrelaci\u00f3n con los p\u00fablicos y el territorio local. M\u00e1s informaci\u00f3n en <a href=\"https:\/\/atalak.org\/\" target=\"_blank\" rel=\"noopener\">www.atalak.org<\/a>.<\/p>\n<p>[\/et_pb_text][et_pb_image src=\u00bbhttps:\/\/dantzaz.eus\/wp-content\/uploads\/2022\/07\/play2.png\u00bb title_text=\u00bbplay2&#8243; show_in_lightbox=\u00bbon\u00bb module_class=\u00bbquitar\u00bb _builder_version=\u00bb4.17.4&#8243; _module_preset=\u00bbdefault\u00bb global_colors_info=\u00bb{}\u00bb][\/et_pb_image][\/et_pb_column][\/et_pb_row][\/et_pb_section][et_pb_section fb_built=\u00bb1&#8243; disabled_on=\u00bbon|on|on\u00bb _builder_version=\u00bb4.17.4&#8243; _module_preset=\u00bbdefault\u00bb background_color=\u00bb#000000&#8243; background_enable_image=\u00bboff\u00bb custom_padding=\u00bb0px||0px||false|false\u00bb disabled=\u00bbon\u00bb global_colors_info=\u00bb{}\u00bb][et_pb_row module_class=\u00bbancho2 video-play\u00bb _builder_version=\u00bb4.17.4&#8243; _module_preset=\u00bbdefault\u00bb custom_padding=\u00bb0px||0px||false|false\u00bb global_colors_info=\u00bb{}\u00bb][et_pb_column type=\u00bb4_4&#8243; _builder_version=\u00bb4.17.4&#8243; _module_preset=\u00bbdefault\u00bb global_colors_info=\u00bb{}\u00bb][et_pb_image src=\u00bbhttps:\/\/dantzaz.eus\/wp-content\/uploads\/2022\/07\/video2.jpg\u00bb title_text=\u00bbvideo2&#8243; align=\u00bbcenter\u00bb _builder_version=\u00bb4.17.4&#8243; _module_preset=\u00bbdefault\u00bb custom_margin=\u00bb||0px||false|false\u00bb global_colors_info=\u00bb{}\u00bb][\/et_pb_image][et_pb_code _builder_version=\u00bb4.17.4&#8243; _module_preset=\u00bbdefault\u00bb global_colors_info=\u00bb{}\u00bb] <a rel=\"noreferrer\" href=\"https:\/\/vimeo.com\/491966058\" class=\"vp-a vp-vim-type vp-modal-click vp-modal-click_shortcode vp-has-img\"><img decoding=\"async\" class=\"vp-img\" src=\"https:\/\/dantzaz.eus\/wp-content\/uploads\/2022\/07\/play.png\"><\/a>[\/et_pb_code][\/et_pb_column][\/et_pb_row][\/et_pb_section]<\/p>\n","protected":false},"excerpt":{"rendered":"<p>Una Zona para el primer paso en la creaci\u00f3nDantzaz es creaci\u00f3n Dantzaz es creaci\u00f3nZONA PROGRAMA DE RESIDENCIASCon este nombre denominamos esa primera zona que pone en contacto a nuevos talentos de la escritura coreogr\u00e1fica con Dantzaz. La compa\u00f1\u00eda ofrece residencias de diversos formatos, inspiradas en las necesidades que exige cada proceso creativo.Suponen, en definitiva, una [&hellip;]<\/p>\n","protected":false},"author":1,"featured_media":0,"parent":0,"menu_order":0,"comment_status":"closed","ping_status":"closed","template":"","meta":{"_acf_changed":false,"_et_pb_use_builder":"on","_et_pb_old_content":"","_et_gb_content_width":"","content-type":"","footnotes":""},"class_list":["post-575","page","type-page","status-publish","hentry"],"acf":[],"yoast_head":"<!-- This site is optimized with the Yoast SEO plugin v27.3 - https:\/\/yoast.com\/product\/yoast-seo-wordpress\/ -->\n<title>Creaci\u00f3n - Dantzaz<\/title>\n<meta name=\"robots\" content=\"index, follow, max-snippet:-1, max-image-preview:large, max-video-preview:-1\" \/>\n<link rel=\"canonical\" href=\"https:\/\/dantzaz.eus\/es\/creacion\/\" \/>\n<meta property=\"og:locale\" content=\"es_ES\" \/>\n<meta property=\"og:type\" content=\"article\" \/>\n<meta property=\"og:title\" content=\"Creaci\u00f3n - Dantzaz\" \/>\n<meta property=\"og:description\" content=\"Una Zona para el primer paso en la creaci\u00f3nDantzaz es creaci\u00f3n Dantzaz es creaci\u00f3nZONA PROGRAMA DE RESIDENCIASCon este nombre denominamos esa primera zona que pone en contacto a nuevos talentos de la escritura coreogr\u00e1fica con Dantzaz. La compa\u00f1\u00eda ofrece residencias de diversos formatos, inspiradas en las necesidades que exige cada proceso creativo.Suponen, en definitiva, una [&hellip;]\" \/>\n<meta property=\"og:url\" content=\"https:\/\/dantzaz.eus\/es\/creacion\/\" \/>\n<meta property=\"og:site_name\" content=\"Dantzaz\" \/>\n<meta property=\"article:publisher\" content=\"https:\/\/www.facebook.com\/Dantzaz\" \/>\n<meta property=\"article:modified_time\" content=\"2023-07-22T07:13:43+00:00\" \/>\n<meta property=\"og:image\" content=\"https:\/\/dantzaz.eus\/wp-content\/uploads\/2022\/07\/creacion3.jpg\" \/>\n\t<meta property=\"og:image:width\" content=\"296\" \/>\n\t<meta property=\"og:image:height\" content=\"484\" \/>\n\t<meta property=\"og:image:type\" content=\"image\/jpeg\" \/>\n<meta name=\"twitter:card\" content=\"summary_large_image\" \/>\n<meta name=\"twitter:label1\" content=\"Tiempo de lectura\" \/>\n\t<meta name=\"twitter:data1\" content=\"8 minutos\" \/>\n<script type=\"application\/ld+json\" class=\"yoast-schema-graph\">{\"@context\":\"https:\\\/\\\/schema.org\",\"@graph\":[{\"@type\":\"WebPage\",\"@id\":\"https:\\\/\\\/dantzaz.eus\\\/es\\\/creacion\\\/\",\"url\":\"https:\\\/\\\/dantzaz.eus\\\/es\\\/creacion\\\/\",\"name\":\"Creaci\u00f3n - Dantzaz\",\"isPartOf\":{\"@id\":\"https:\\\/\\\/dantzaz.eus\\\/#website\"},\"primaryImageOfPage\":{\"@id\":\"https:\\\/\\\/dantzaz.eus\\\/es\\\/creacion\\\/#primaryimage\"},\"image\":{\"@id\":\"https:\\\/\\\/dantzaz.eus\\\/es\\\/creacion\\\/#primaryimage\"},\"thumbnailUrl\":\"https:\\\/\\\/dantzaz.eus\\\/wp-content\\\/uploads\\\/2022\\\/07\\\/creacion3.jpg\",\"datePublished\":\"2022-07-06T17:10:24+00:00\",\"dateModified\":\"2023-07-22T07:13:43+00:00\",\"breadcrumb\":{\"@id\":\"https:\\\/\\\/dantzaz.eus\\\/es\\\/creacion\\\/#breadcrumb\"},\"inLanguage\":\"es\",\"potentialAction\":[{\"@type\":\"ReadAction\",\"target\":[\"https:\\\/\\\/dantzaz.eus\\\/es\\\/creacion\\\/\"]}]},{\"@type\":\"ImageObject\",\"inLanguage\":\"es\",\"@id\":\"https:\\\/\\\/dantzaz.eus\\\/es\\\/creacion\\\/#primaryimage\",\"url\":\"https:\\\/\\\/dantzaz.eus\\\/wp-content\\\/uploads\\\/2022\\\/07\\\/creacion3.jpg\",\"contentUrl\":\"https:\\\/\\\/dantzaz.eus\\\/wp-content\\\/uploads\\\/2022\\\/07\\\/creacion3.jpg\"},{\"@type\":\"BreadcrumbList\",\"@id\":\"https:\\\/\\\/dantzaz.eus\\\/es\\\/creacion\\\/#breadcrumb\",\"itemListElement\":[{\"@type\":\"ListItem\",\"position\":1,\"name\":\"Home\",\"item\":\"https:\\\/\\\/dantzaz.eus\\\/\"},{\"@type\":\"ListItem\",\"position\":2,\"name\":\"Creaci\u00f3n\"}]},{\"@type\":\"WebSite\",\"@id\":\"https:\\\/\\\/dantzaz.eus\\\/#website\",\"url\":\"https:\\\/\\\/dantzaz.eus\\\/\",\"name\":\"Dantzaz\",\"description\":\"Dantzaz\",\"publisher\":{\"@id\":\"https:\\\/\\\/dantzaz.eus\\\/#organization\"},\"potentialAction\":[{\"@type\":\"SearchAction\",\"target\":{\"@type\":\"EntryPoint\",\"urlTemplate\":\"https:\\\/\\\/dantzaz.eus\\\/?s={search_term_string}\"},\"query-input\":{\"@type\":\"PropertyValueSpecification\",\"valueRequired\":true,\"valueName\":\"search_term_string\"}}],\"inLanguage\":\"es\"},{\"@type\":\"Organization\",\"@id\":\"https:\\\/\\\/dantzaz.eus\\\/#organization\",\"name\":\"Dantzaz\",\"url\":\"https:\\\/\\\/dantzaz.eus\\\/\",\"logo\":{\"@type\":\"ImageObject\",\"inLanguage\":\"es\",\"@id\":\"https:\\\/\\\/dantzaz.eus\\\/#\\\/schema\\\/logo\\\/image\\\/\",\"url\":\"https:\\\/\\\/dantzaz.eus\\\/wp-content\\\/uploads\\\/2021\\\/01\\\/logo-footer-1.jpg\",\"contentUrl\":\"https:\\\/\\\/dantzaz.eus\\\/wp-content\\\/uploads\\\/2021\\\/01\\\/logo-footer-1.jpg\",\"width\":255,\"height\":57,\"caption\":\"Dantzaz\"},\"image\":{\"@id\":\"https:\\\/\\\/dantzaz.eus\\\/#\\\/schema\\\/logo\\\/image\\\/\"},\"sameAs\":[\"https:\\\/\\\/www.facebook.com\\\/Dantzaz\",\"https:\\\/\\\/www.instagram.com\\\/dantzaz\",\"https:\\\/\\\/www.linkedin.com\\\/company\\\/dantzaz\"]}]}<\/script>\n<!-- \/ Yoast SEO plugin. -->","yoast_head_json":{"title":"Creaci\u00f3n - Dantzaz","robots":{"index":"index","follow":"follow","max-snippet":"max-snippet:-1","max-image-preview":"max-image-preview:large","max-video-preview":"max-video-preview:-1"},"canonical":"https:\/\/dantzaz.eus\/es\/creacion\/","og_locale":"es_ES","og_type":"article","og_title":"Creaci\u00f3n - Dantzaz","og_description":"Una Zona para el primer paso en la creaci\u00f3nDantzaz es creaci\u00f3n Dantzaz es creaci\u00f3nZONA PROGRAMA DE RESIDENCIASCon este nombre denominamos esa primera zona que pone en contacto a nuevos talentos de la escritura coreogr\u00e1fica con Dantzaz. La compa\u00f1\u00eda ofrece residencias de diversos formatos, inspiradas en las necesidades que exige cada proceso creativo.Suponen, en definitiva, una [&hellip;]","og_url":"https:\/\/dantzaz.eus\/es\/creacion\/","og_site_name":"Dantzaz","article_publisher":"https:\/\/www.facebook.com\/Dantzaz","article_modified_time":"2023-07-22T07:13:43+00:00","og_image":[{"width":296,"height":484,"url":"https:\/\/dantzaz.eus\/wp-content\/uploads\/2022\/07\/creacion3.jpg","type":"image\/jpeg"}],"twitter_card":"summary_large_image","twitter_misc":{"Tiempo de lectura":"8 minutos"},"schema":{"@context":"https:\/\/schema.org","@graph":[{"@type":"WebPage","@id":"https:\/\/dantzaz.eus\/es\/creacion\/","url":"https:\/\/dantzaz.eus\/es\/creacion\/","name":"Creaci\u00f3n - Dantzaz","isPartOf":{"@id":"https:\/\/dantzaz.eus\/#website"},"primaryImageOfPage":{"@id":"https:\/\/dantzaz.eus\/es\/creacion\/#primaryimage"},"image":{"@id":"https:\/\/dantzaz.eus\/es\/creacion\/#primaryimage"},"thumbnailUrl":"https:\/\/dantzaz.eus\/wp-content\/uploads\/2022\/07\/creacion3.jpg","datePublished":"2022-07-06T17:10:24+00:00","dateModified":"2023-07-22T07:13:43+00:00","breadcrumb":{"@id":"https:\/\/dantzaz.eus\/es\/creacion\/#breadcrumb"},"inLanguage":"es","potentialAction":[{"@type":"ReadAction","target":["https:\/\/dantzaz.eus\/es\/creacion\/"]}]},{"@type":"ImageObject","inLanguage":"es","@id":"https:\/\/dantzaz.eus\/es\/creacion\/#primaryimage","url":"https:\/\/dantzaz.eus\/wp-content\/uploads\/2022\/07\/creacion3.jpg","contentUrl":"https:\/\/dantzaz.eus\/wp-content\/uploads\/2022\/07\/creacion3.jpg"},{"@type":"BreadcrumbList","@id":"https:\/\/dantzaz.eus\/es\/creacion\/#breadcrumb","itemListElement":[{"@type":"ListItem","position":1,"name":"Home","item":"https:\/\/dantzaz.eus\/"},{"@type":"ListItem","position":2,"name":"Creaci\u00f3n"}]},{"@type":"WebSite","@id":"https:\/\/dantzaz.eus\/#website","url":"https:\/\/dantzaz.eus\/","name":"Dantzaz","description":"Dantzaz","publisher":{"@id":"https:\/\/dantzaz.eus\/#organization"},"potentialAction":[{"@type":"SearchAction","target":{"@type":"EntryPoint","urlTemplate":"https:\/\/dantzaz.eus\/?s={search_term_string}"},"query-input":{"@type":"PropertyValueSpecification","valueRequired":true,"valueName":"search_term_string"}}],"inLanguage":"es"},{"@type":"Organization","@id":"https:\/\/dantzaz.eus\/#organization","name":"Dantzaz","url":"https:\/\/dantzaz.eus\/","logo":{"@type":"ImageObject","inLanguage":"es","@id":"https:\/\/dantzaz.eus\/#\/schema\/logo\/image\/","url":"https:\/\/dantzaz.eus\/wp-content\/uploads\/2021\/01\/logo-footer-1.jpg","contentUrl":"https:\/\/dantzaz.eus\/wp-content\/uploads\/2021\/01\/logo-footer-1.jpg","width":255,"height":57,"caption":"Dantzaz"},"image":{"@id":"https:\/\/dantzaz.eus\/#\/schema\/logo\/image\/"},"sameAs":["https:\/\/www.facebook.com\/Dantzaz","https:\/\/www.instagram.com\/dantzaz","https:\/\/www.linkedin.com\/company\/dantzaz"]}]}},"_links":{"self":[{"href":"https:\/\/dantzaz.eus\/es\/wp-json\/wp\/v2\/pages\/575","targetHints":{"allow":["GET"]}}],"collection":[{"href":"https:\/\/dantzaz.eus\/es\/wp-json\/wp\/v2\/pages"}],"about":[{"href":"https:\/\/dantzaz.eus\/es\/wp-json\/wp\/v2\/types\/page"}],"author":[{"embeddable":true,"href":"https:\/\/dantzaz.eus\/es\/wp-json\/wp\/v2\/users\/1"}],"replies":[{"embeddable":true,"href":"https:\/\/dantzaz.eus\/es\/wp-json\/wp\/v2\/comments?post=575"}],"version-history":[{"count":73,"href":"https:\/\/dantzaz.eus\/es\/wp-json\/wp\/v2\/pages\/575\/revisions"}],"predecessor-version":[{"id":2786,"href":"https:\/\/dantzaz.eus\/es\/wp-json\/wp\/v2\/pages\/575\/revisions\/2786"}],"wp:attachment":[{"href":"https:\/\/dantzaz.eus\/es\/wp-json\/wp\/v2\/media?parent=575"}],"curies":[{"name":"wp","href":"https:\/\/api.w.org\/{rel}","templated":true}]}}