{"id":218,"date":"2021-01-21T16:02:35","date_gmt":"2021-01-21T16:02:35","guid":{"rendered":"https:\/\/dantzaz.eus\/?page_id=218"},"modified":"2021-01-24T08:20:37","modified_gmt":"2021-01-24T08:20:37","slug":"politica-de-privacidad","status":"publish","type":"page","link":"https:\/\/dantzaz.eus\/es\/politica-de-privacidad\/","title":{"rendered":"Pol\u00edtica de privacidad"},"content":{"rendered":"<p>Esta Pol\u00edtica de Privacidad se aplica a los tratamientos de datos de car\u00e1cter personal que DANTZAZ ELKARTEA, \u2013en adelante RESPONSABLE\u2013 realiza como Responsable de los mismos, en relaci\u00f3n con los datos que los usuarios facilitan como consecuencia de la contrataci\u00f3n de los productos que vende RESPONSABLE, o recabados en cualquiera de la secciones del sitio web www.dantzaz.eus<\/p>\n<p>RESPONSABLE se reserva la facultad de modificar esta Pol\u00edtica con el objeto de adaptarla a novedades legislativas, criterios jurisprudenciales, pr\u00e1cticas del sector, o intereses de la entidad. Cualquier modificaci\u00f3n en la misma ser\u00e1 anunciada con la debida antelaci\u00f3n, a fin de que tengas perfecto conocimiento de su contenido.<\/p>\n<p><strong>Informaci\u00f3n b\u00e1sica sobre protecci\u00f3n de datos<\/strong><\/p>\n<ul>\n<li>Responsable del tratamiento<\/li>\n<li>Finalidad del tratamiento<\/li>\n<li>Legitimaci\u00f3n del tratamiento<\/li>\n<li>Destinatarios de cesiones o transferencias<\/li>\n<li>Derechos de las personas interesadas<\/li>\n<li>Informaci\u00f3n adicional<\/li>\n<\/ul>\n<h3>1.- Responsable del tratamiento.<\/h3>\n<p>El Responsable del tratamiento de sus datos personales es:<\/p>\n<ul>\n<li>RESPONSABLE: DANTZAZ ELKARTEA<\/li>\n<li>NIF\/CIF: G20780631<\/li>\n<li>DIRECCION: c\/ San Blas 4, 3\u00ba dcha, 20013 Donostia\/San Sebastian, Gipuzkoa<\/li>\n<li>Tlf: 943 02 11 36<\/li>\n<li>email: dantzaz@dantzaz.eus<\/li>\n<li>Registro Mercantil:<\/li>\n<\/ul>\n<h3>2.- Finalidades del tratamiento.<\/h3>\n<p>Sus datos personales so\u0301lo se utilizara\u0301n para las siguientes finalidades:<\/p>\n<ul>\n<li><strong>Gestionar el acceso completo y la utilizaci\u00f3n<\/strong> correcta de la web.<\/li>\n<li><strong>Para comunicar con usted<\/strong> en respuesta a sus solicitudes de presupuestos, comentarios y preguntas que nos realice a trav\u00e9s de los Servicios o los formularios de contacto de nuestra p\u00e1gina web.<\/li>\n<li><strong>Gestionar, administrar y facturar<\/strong> la compraventa de los productos seleccionados.<\/li>\n<li><strong>Comunicaciones Comerciales (Bolet\u00edn de ofertas)<\/strong>: Podremos utilizar sus datos para contactarle, tanto por vi\u0301a electro\u0301nica como no electro\u0301nica, para realizar encuestas, obtener su opinio\u0301n sobre el producto contratado o servicio prestado y, ocasionalmente, remitirle ofertas o promociones relacionadas con nuestros servicios. Puede revocar en cualquier momento la recepci\u00f3n de estas notificaciones utilizando el mecanismo implementado al efecto en las mismas, o bien, remitiendo un escrito con el asunto \u201cBaja\u201d a dantzaz@dantzaz.eus.<\/li>\n<\/ul>\n<p>No trataremos sus datos personales para ninguna otra finalidad ma\u0301s alla\u0301 de las descritas anteriormente salvo que venga impuesto por ley o exista algu\u0301n requerimiento judicial.<\/p>\n<p><strong>Conservaci\u00f3n de datos:<\/strong> Los datos personales necesarios para gestionar el acceso y\/o registro a nuestra p\u00e1gina web y la compra de productos se conservar\u00e1n y tratar\u00e1n mientras se mantenga la relaci\u00f3n contractual, incluyendo posibles devoluciones, quejas o reclamaciones asociadas a la compra del producto o servicio en particular, as\u00ed como el cumplimiento de los plazos legalmente establecidos.<\/p>\n<p>Los datos facilitados para el env\u00edo del bolet\u00edn de ofertas\/newsletter los trataremos hasta que te des de baja o canceles tu suscripci\u00f3n.<\/p>\n<p>Todo ello, sin perjuicio de la posibilidad de ejercitar su derecho de supresi\u00f3n, limitaci\u00f3n, etc. en cuyo caso RESPONSABLE bloquear\u00e1 sus datos durante el tiempo que persistan sus obligaciones legales.<\/p>\n<h3>3.- Legitimaci\u00f3n Del Tratamiento.<\/h3>\n<p><strong>La base legal<\/strong> para el tratamiento de los datos es la legitimaci\u00f3n por <strong>consentimiento del interesado<\/strong> para las finalidades anteriormente descritas, que se solicitar\u00e1 en el momento:<\/p>\n<ul>\n<li>Anterior a proceder a tratar sus datos,<\/li>\n<li>De proceder al registro como usuario o,<\/li>\n<li>De proceder a la contrataci\u00f3n de los productos de RESPONSABLE.<\/li>\n<\/ul>\n<p>Las solicitudes de informaci\u00f3n que nos haga llegar, as\u00ed como la eventual contrataci\u00f3n de los productos de RESPONSABLE, requieren que el interesado nos facilite de forma voluntaria los datos necesarios para poder atenderle o prestarle los Servicios. La obligatoriedad o necesidad de facilitarnos esos datos se se\u00f1alar\u00e1 con un asterisco <strong>(*)<\/strong> en los formularios o secciones correspondientes a cada servicio.<\/p>\n<p>No obstante el interesado puede, libremente, negarse a facilitarnos esos datos o, posteriormente, revocar el consentimiento previamente otorgado para tratar sus datos, si bien esa negativa implicar\u00e1 la imposibilidad de que podamos atender su petici\u00f3n o prestarle el servicio.<\/p>\n<p>RESPONSABLE entiende que al facilitarnos esos datos, el interesado declara, acepta y consiente expresamente en su tratamiento para las finalidades anteriormente descritas.<\/p>\n<p>Igualmente podremos tratar sus datos en base al <strong>inter\u00e9s leg\u00edtimo<\/strong> de RESPONSABLE en mantener y fidelizar a sus clientes y\/o usuarios y atender mejor sus expectativas o intereses previamente manifestados, ej.: mejorar servicios y productos, garantizar la seguridad, prevenir el fraude, gestionar solicitudes, consultas o reclamaciones, ofrecer productos y servicios propios similares a los contratados, informar sobre promociones etc.<\/p>\n<p>Por supuesto, usted puede en cualquier momento manifestar su oposici\u00f3n al uso de sus datos con la finalidad de prospecci\u00f3n comercial, sin que ello afecte a la ejecuci\u00f3n del contrato que hubiera suscrito.<\/p>\n<h3>4.- Comunicaci\u00f3n de datos<\/h3>\n<p>RESPONSABLE puede ceder sus datos personales a entidades bancarias, servicios t\u00e9cnicos en lo referente a las garant\u00edas de los productos o empresas de transporte a fin de poder remitirle el producto a la direcci\u00f3n que nos haya facilitado. RESPONSABLE, no ceder\u00e1 sus datos personales a otros terceros salvo que estemos obligados legalmente a ello o usted nos lo haya autorizado expresamente.<\/p>\n<p>No obstante, para poder prestarle o interactuar con los productos que nos solicite, y, en general, cumplir con las finalidades descritas en el punto dos (2) de este documento, le informamos que las siguientes entidades que nos prestan servicios podr\u00edan acceder a sus datos personales :<\/p>\n<table width=\"643\">\n<tbody>\n<tr>\n<td width=\"75\"><strong>Pais<\/strong><\/td>\n<td width=\"201\"><strong>Empresa<\/strong><\/td>\n<td width=\"189\"><strong>Servicios<\/strong><\/td>\n<td width=\"178\"><strong>Garant\u00edas<\/strong><\/td>\n<\/tr>\n<tr>\n<td width=\"75\">EE.UU<\/td>\n<td width=\"201\">The Rocket Science Group, LLC.<\/td>\n<td width=\"189\">MailChimp (Campa\u00f1as de marketing)<\/td>\n<td width=\"178\">Private Shield (Escudo de Privacidad)*<\/td>\n<\/tr>\n<tr>\n<td width=\"75\">EE.UU<\/td>\n<td width=\"201\">Google, LLC<\/td>\n<td width=\"189\">Servicios de anal\u00edtica web.<\/td>\n<td width=\"178\">https:\/\/policies.google.com\/privacy\/partners?hl=es<\/td>\n<\/tr>\n<tr>\n<td colspan=\"4\" width=\"643\">*Decisi\u00f3n (UE) 2016\/1250 de la Comisi\u00f3n de 12 de junio de 2016 con arreglo a la directiva 95\/46 del Parlamento Europeo y del Consejo, sobre la adecuaci\u00f3n de la protecci\u00f3n conferida por el Escudo de la Privacidad UE-EEUU.<\/td>\n<\/tr>\n<\/tbody>\n<\/table>\n<p>&nbsp;<\/p>\n<h3>5.- Derechos de las personas interesadas.<\/h3>\n<p>Cualquier persona tiene derecho a obtener confirmaci\u00f3n sobre si en RESPONSABLE se tratan datos personales que le conciernan, o no. De esta manera, tambi\u00e9n nos aseguramos de que la informaci\u00f3n sea precisa y veraz.<\/p>\n<ul>\n<li><strong>Derecho de acceso: <\/strong>permite al interesado conocer y obtener informaci\u00f3n sobre sus datos de car\u00e1cter personal sometidos a tratamiento.<\/li>\n<li><strong>Derecho de rectificaci\u00f3n:<\/strong> permite corregir errores, modificar los datos que resulten ser inexactos o incompletos y garantizar la certeza de la informaci\u00f3n objeto del tratamiento.<\/li>\n<li><strong>Derecho de supresi\u00f3n: <\/strong>permite solicitar la eliminaci\u00f3n de los datos objeto de tratamiento.<\/li>\n<li><strong>Derecho de oposici\u00f3n:<\/strong> derecho del interesado a que no se lleve a cabo el tratamiento de sus datos de car\u00e1cter personal o se cese en el mismo.<\/li>\n<li><strong>Limitaci\u00f3n del tratamiento:<\/strong> En determinadas circunstancias, los interesados podr\u00e1n solicitar la limitaci\u00f3n del tratamiento de sus datos, en cuyo caso \u00fanicamente se conservar\u00e1n para el ejercicio o defensa de reclamaciones.<\/li>\n<li><strong>Portabilidad de los datos:<\/strong> las personas interesadas pueden solicitar recibir los datos que le incumban y que nos haya facilitado o que \u2013siempre que t\u00e9cnicamente sea posible\u2013 se los enviemos a otro responsable de tratamiento de su elecci\u00f3n, en un formato estructurado de uso com\u00fan y lectura mec\u00e1nica.<\/li>\n<li><strong>Derecho a no ser objeto de decisiones individuales automatizadas<\/strong> (incluida la elaboraci\u00f3n de perfiles): derecho a no ser objeto de una decisi\u00f3n basada en el tratamiento automatizado que produzca efectos o afecte significativamente.<\/li>\n<\/ul>\n<p>Asimismo, el interesado tiene derecho a retirar en cualquier momento el consentimiento prestado, sin que ello afecte a la licitud del tratamiento basado en el consentimiento prestado en el momento de facilitarnos sus datos.<\/p>\n<p>Si desea ejercer alguno de los derechos expuestos, rogamos que nos remita carta con todos sus datos, incluyendo DNI a: c\/ San Blas 4, 3\u00ba dcha, 20013 Donostia\/San Sebastian, Gipuzkoa, o nos env\u00ede un e-mail a dantzaz@dantzaz.eus.<\/p>\n<p>RESPONSABLE le informa igualmente del derecho que le asiste de presentar una reclamaci\u00f3n ante la Agencia Espa\u00f1ola de Protecci\u00f3n de Datos (<a href=\"http:\/\/www.agpd.es\/\">www.agpd.es<\/a>).<\/p>\n<h3>Medidas de seguridad.<\/h3>\n<p>Finalmente se informa que RESPONSABLE adoptar\u00e1 en su sistema de informaci\u00f3n las medidas t\u00e9cnicas y organizativas adecuadas, dando cumplimiento al principio de responsabilidad proactiva, a fin de garantizar la seguridad y confidencialidad de los datos almacenados, evitando as\u00ed, su alteraci\u00f3n, p\u00e9rdida, tratamiento o acceso no autorizado; teniendo en cuenta el estado de la t\u00e9cnica, los costes de aplicaci\u00f3n, y la naturaleza, el alcance, el contexto y los fines del tratamiento, as\u00ed como riesgos de probabilidad y gravedad variables asociadas a cada uno de los tratamientos.<\/p>\n<p>Este sitio est\u00e1 protegido por reCAPTCHA y se aplican la <a href=\"https:\/\/policies.google.com\/privacy\">pol\u00edtica de privacidad<\/a> y <a href=\"https:\/\/policies.google.com\/terms\">t\u00e9rminos del servicio<\/a> de Google.<\/p>\n","protected":false},"excerpt":{"rendered":"<p>Esta Pol\u00edtica de Privacidad se aplica a los tratamientos de datos de car\u00e1cter personal que DANTZAZ ELKARTEA, \u2013en adelante RESPONSABLE\u2013 realiza como Responsable de los mismos, en relaci\u00f3n con los datos que los usuarios facilitan como consecuencia de la contrataci\u00f3n de los productos que vende RESPONSABLE, o recabados en cualquiera de la secciones del sitio [&hellip;]<\/p>\n","protected":false},"author":1,"featured_media":0,"parent":0,"menu_order":0,"comment_status":"closed","ping_status":"closed","template":"","meta":{"_acf_changed":false,"_et_pb_use_builder":"","_et_pb_old_content":"","_et_gb_content_width":"","content-type":"","footnotes":""},"class_list":["post-218","page","type-page","status-publish","hentry"],"acf":[],"yoast_head":"<!-- This site is optimized with the Yoast SEO plugin v27.4 - https:\/\/yoast.com\/product\/yoast-seo-wordpress\/ -->\n<title>Pol\u00edtica de privacidad - Dantzaz<\/title>\n<meta name=\"robots\" content=\"index, follow, max-snippet:-1, max-image-preview:large, max-video-preview:-1\" \/>\n<link rel=\"canonical\" href=\"https:\/\/dantzaz.eus\/es\/politica-de-privacidad\/\" \/>\n<meta property=\"og:locale\" content=\"es_ES\" \/>\n<meta property=\"og:type\" content=\"article\" \/>\n<meta property=\"og:title\" content=\"Pol\u00edtica de privacidad - Dantzaz\" \/>\n<meta property=\"og:description\" content=\"Esta Pol\u00edtica de Privacidad se aplica a los tratamientos de datos de car\u00e1cter personal que DANTZAZ ELKARTEA, \u2013en adelante RESPONSABLE\u2013 realiza como Responsable de los mismos, en relaci\u00f3n con los datos que los usuarios facilitan como consecuencia de la contrataci\u00f3n de los productos que vende RESPONSABLE, o recabados en cualquiera de la secciones del sitio [&hellip;]\" \/>\n<meta property=\"og:url\" content=\"https:\/\/dantzaz.eus\/es\/politica-de-privacidad\/\" \/>\n<meta property=\"og:site_name\" content=\"Dantzaz\" \/>\n<meta property=\"article:publisher\" content=\"https:\/\/www.facebook.com\/Dantzaz\" \/>\n<meta property=\"article:modified_time\" content=\"2021-01-24T08:20:37+00:00\" \/>\n<meta name=\"twitter:card\" content=\"summary_large_image\" \/>\n<meta name=\"twitter:label1\" content=\"Tiempo de lectura\" \/>\n\t<meta name=\"twitter:data1\" content=\"7 minutos\" \/>\n<script type=\"application\/ld+json\" class=\"yoast-schema-graph\">{\"@context\":\"https:\\\/\\\/schema.org\",\"@graph\":[{\"@type\":\"WebPage\",\"@id\":\"https:\\\/\\\/dantzaz.eus\\\/es\\\/politica-de-privacidad\\\/\",\"url\":\"https:\\\/\\\/dantzaz.eus\\\/es\\\/politica-de-privacidad\\\/\",\"name\":\"Pol\u00edtica de privacidad - Dantzaz\",\"isPartOf\":{\"@id\":\"https:\\\/\\\/dantzaz.eus\\\/#website\"},\"datePublished\":\"2021-01-21T16:02:35+00:00\",\"dateModified\":\"2021-01-24T08:20:37+00:00\",\"breadcrumb\":{\"@id\":\"https:\\\/\\\/dantzaz.eus\\\/es\\\/politica-de-privacidad\\\/#breadcrumb\"},\"inLanguage\":\"es\",\"potentialAction\":[{\"@type\":\"ReadAction\",\"target\":[\"https:\\\/\\\/dantzaz.eus\\\/es\\\/politica-de-privacidad\\\/\"]}]},{\"@type\":\"BreadcrumbList\",\"@id\":\"https:\\\/\\\/dantzaz.eus\\\/es\\\/politica-de-privacidad\\\/#breadcrumb\",\"itemListElement\":[{\"@type\":\"ListItem\",\"position\":1,\"name\":\"Home\",\"item\":\"https:\\\/\\\/dantzaz.eus\\\/\"},{\"@type\":\"ListItem\",\"position\":2,\"name\":\"Pol\u00edtica de privacidad\"}]},{\"@type\":\"WebSite\",\"@id\":\"https:\\\/\\\/dantzaz.eus\\\/#website\",\"url\":\"https:\\\/\\\/dantzaz.eus\\\/\",\"name\":\"Dantzaz\",\"description\":\"Dantzaz\",\"publisher\":{\"@id\":\"https:\\\/\\\/dantzaz.eus\\\/#organization\"},\"potentialAction\":[{\"@type\":\"SearchAction\",\"target\":{\"@type\":\"EntryPoint\",\"urlTemplate\":\"https:\\\/\\\/dantzaz.eus\\\/?s={search_term_string}\"},\"query-input\":{\"@type\":\"PropertyValueSpecification\",\"valueRequired\":true,\"valueName\":\"search_term_string\"}}],\"inLanguage\":\"es\"},{\"@type\":\"Organization\",\"@id\":\"https:\\\/\\\/dantzaz.eus\\\/#organization\",\"name\":\"Dantzaz\",\"url\":\"https:\\\/\\\/dantzaz.eus\\\/\",\"logo\":{\"@type\":\"ImageObject\",\"inLanguage\":\"es\",\"@id\":\"https:\\\/\\\/dantzaz.eus\\\/#\\\/schema\\\/logo\\\/image\\\/\",\"url\":\"https:\\\/\\\/dantzaz.eus\\\/wp-content\\\/uploads\\\/2021\\\/01\\\/logo-footer-1.jpg\",\"contentUrl\":\"https:\\\/\\\/dantzaz.eus\\\/wp-content\\\/uploads\\\/2021\\\/01\\\/logo-footer-1.jpg\",\"width\":255,\"height\":57,\"caption\":\"Dantzaz\"},\"image\":{\"@id\":\"https:\\\/\\\/dantzaz.eus\\\/#\\\/schema\\\/logo\\\/image\\\/\"},\"sameAs\":[\"https:\\\/\\\/www.facebook.com\\\/Dantzaz\",\"https:\\\/\\\/www.instagram.com\\\/dantzaz\",\"https:\\\/\\\/www.linkedin.com\\\/company\\\/dantzaz\"]}]}<\/script>\n<!-- \/ Yoast SEO plugin. -->","yoast_head_json":{"title":"Pol\u00edtica de privacidad - Dantzaz","robots":{"index":"index","follow":"follow","max-snippet":"max-snippet:-1","max-image-preview":"max-image-preview:large","max-video-preview":"max-video-preview:-1"},"canonical":"https:\/\/dantzaz.eus\/es\/politica-de-privacidad\/","og_locale":"es_ES","og_type":"article","og_title":"Pol\u00edtica de privacidad - Dantzaz","og_description":"Esta Pol\u00edtica de Privacidad se aplica a los tratamientos de datos de car\u00e1cter personal que DANTZAZ ELKARTEA, \u2013en adelante RESPONSABLE\u2013 realiza como Responsable de los mismos, en relaci\u00f3n con los datos que los usuarios facilitan como consecuencia de la contrataci\u00f3n de los productos que vende RESPONSABLE, o recabados en cualquiera de la secciones del sitio [&hellip;]","og_url":"https:\/\/dantzaz.eus\/es\/politica-de-privacidad\/","og_site_name":"Dantzaz","article_publisher":"https:\/\/www.facebook.com\/Dantzaz","article_modified_time":"2021-01-24T08:20:37+00:00","twitter_card":"summary_large_image","twitter_misc":{"Tiempo de lectura":"7 minutos"},"schema":{"@context":"https:\/\/schema.org","@graph":[{"@type":"WebPage","@id":"https:\/\/dantzaz.eus\/es\/politica-de-privacidad\/","url":"https:\/\/dantzaz.eus\/es\/politica-de-privacidad\/","name":"Pol\u00edtica de privacidad - Dantzaz","isPartOf":{"@id":"https:\/\/dantzaz.eus\/#website"},"datePublished":"2021-01-21T16:02:35+00:00","dateModified":"2021-01-24T08:20:37+00:00","breadcrumb":{"@id":"https:\/\/dantzaz.eus\/es\/politica-de-privacidad\/#breadcrumb"},"inLanguage":"es","potentialAction":[{"@type":"ReadAction","target":["https:\/\/dantzaz.eus\/es\/politica-de-privacidad\/"]}]},{"@type":"BreadcrumbList","@id":"https:\/\/dantzaz.eus\/es\/politica-de-privacidad\/#breadcrumb","itemListElement":[{"@type":"ListItem","position":1,"name":"Home","item":"https:\/\/dantzaz.eus\/"},{"@type":"ListItem","position":2,"name":"Pol\u00edtica de privacidad"}]},{"@type":"WebSite","@id":"https:\/\/dantzaz.eus\/#website","url":"https:\/\/dantzaz.eus\/","name":"Dantzaz","description":"Dantzaz","publisher":{"@id":"https:\/\/dantzaz.eus\/#organization"},"potentialAction":[{"@type":"SearchAction","target":{"@type":"EntryPoint","urlTemplate":"https:\/\/dantzaz.eus\/?s={search_term_string}"},"query-input":{"@type":"PropertyValueSpecification","valueRequired":true,"valueName":"search_term_string"}}],"inLanguage":"es"},{"@type":"Organization","@id":"https:\/\/dantzaz.eus\/#organization","name":"Dantzaz","url":"https:\/\/dantzaz.eus\/","logo":{"@type":"ImageObject","inLanguage":"es","@id":"https:\/\/dantzaz.eus\/#\/schema\/logo\/image\/","url":"https:\/\/dantzaz.eus\/wp-content\/uploads\/2021\/01\/logo-footer-1.jpg","contentUrl":"https:\/\/dantzaz.eus\/wp-content\/uploads\/2021\/01\/logo-footer-1.jpg","width":255,"height":57,"caption":"Dantzaz"},"image":{"@id":"https:\/\/dantzaz.eus\/#\/schema\/logo\/image\/"},"sameAs":["https:\/\/www.facebook.com\/Dantzaz","https:\/\/www.instagram.com\/dantzaz","https:\/\/www.linkedin.com\/company\/dantzaz"]}]}},"_links":{"self":[{"href":"https:\/\/dantzaz.eus\/es\/wp-json\/wp\/v2\/pages\/218","targetHints":{"allow":["GET"]}}],"collection":[{"href":"https:\/\/dantzaz.eus\/es\/wp-json\/wp\/v2\/pages"}],"about":[{"href":"https:\/\/dantzaz.eus\/es\/wp-json\/wp\/v2\/types\/page"}],"author":[{"embeddable":true,"href":"https:\/\/dantzaz.eus\/es\/wp-json\/wp\/v2\/users\/1"}],"replies":[{"embeddable":true,"href":"https:\/\/dantzaz.eus\/es\/wp-json\/wp\/v2\/comments?post=218"}],"version-history":[{"count":3,"href":"https:\/\/dantzaz.eus\/es\/wp-json\/wp\/v2\/pages\/218\/revisions"}],"predecessor-version":[{"id":358,"href":"https:\/\/dantzaz.eus\/es\/wp-json\/wp\/v2\/pages\/218\/revisions\/358"}],"wp:attachment":[{"href":"https:\/\/dantzaz.eus\/es\/wp-json\/wp\/v2\/media?parent=218"}],"curies":[{"name":"wp","href":"https:\/\/api.w.org\/{rel}","templated":true}]}}