{"id":211,"date":"2021-01-21T15:21:44","date_gmt":"2021-01-21T15:21:44","guid":{"rendered":"https:\/\/dantzaz.eus\/?page_id=211"},"modified":"2021-01-21T16:00:26","modified_gmt":"2021-01-21T16:00:26","slug":"aviso-legal","status":"publish","type":"page","link":"https:\/\/dantzaz.eus\/es\/aviso-legal\/","title":{"rendered":"Aviso legal"},"content":{"rendered":"<p>El presente aviso legal (en adelante, el \u00abAviso Legal\u00bb) regula el uso del servicio del portal de Internet www.dantzaz.eus (en adelante, \u00abWeb\u00bb) de DANTZAZ ELKARTEA con domicilio social en c\/ San Blas 4, 3\u00ba dcha, 20013 Donostia\/San Sebastian, Gipuzkoa, con NIF\/CIF G20780631<\/p>\n<h3>Legislaci\u00f3n<\/h3>\n<p>Con car\u00e1cter general las relaciones entre DANTZAZ ELKARTEA con los Usuarios de sus servicios telem\u00e1ticos, presentes en la web, se encuentran sometidas a la legislaci\u00f3n y jurisdicci\u00f3n espa\u00f1olas.<\/p>\n<p>Las partes renuncian expresamente al fuero que les pudiera corresponder y someten expresamente a los Juzgados y Tribunales de Donostia para resolver cualquier controversia que pueda surgir en la interpretaci\u00f3n o ejecuci\u00f3n de las presentes condiciones contractuales.<\/p>\n<h3>Contenido y uso<\/h3>\n<p>El Usuario queda informado, y acepta, que el acceso a la presente web no supone, en modo alguno, el inicio de una relaci\u00f3n comercial con DANTZAZ ELKARTEA.<\/p>\n<p>El titular del web no se identifica con las opiniones vertidas en el mismo por sus colaboradores. La Empresa se reserva el derecho de efectuar sin previo aviso las modificaciones que considere oportunas en su Web, pudiendo cambiar, suprimir o a\u00f1adir tanto los contenidos y servicios que se presten a trav\u00e9s de la misma como la forma en la que \u00e9stos aparezcan presentados o localizados en sus servidores.<\/p>\n<h3>Propiedad intelectual e industrial<\/h3>\n<p>Los derechos de propiedad intelectual del contenido de las p\u00e1ginas web, su dise\u00f1o gr\u00e1fico y c\u00f3digos son titularidad de DANTZAZ ELKARTEA y, por tanto, queda prohibida su reproducci\u00f3n, distribuci\u00f3n, comunicaci\u00f3n p\u00fablica, transformaci\u00f3n o cualquier otra actividad que se pueda realizar con los contenidos de sus p\u00e1ginas web ni aun citando las fuentes, salvo consentimiento por escrito de DANTZAZ ELKARTEA. Todos los nombres comerciales, marcas o signos distintos de cualquier clase contenidos en las p\u00e1ginas web de la Empresa son propiedad de sus due\u00f1os y est\u00e1n protegidos por ley.<\/p>\n<h3>Enlaces (Links)<\/h3>\n<p>La presencia de enlaces (links) en las p\u00e1ginas web de DANTZAZ ELKARTEA tiene finalidad meramente informativa y en ning\u00fan caso supone sugerencia, invitaci\u00f3n o recomendaci\u00f3n sobre los mismos.<\/p>\n<h3>Menores de edad<\/h3>\n<p>En el supuesto que algunos de nuestros servicios vayan dirigidos espec\u00edficamente a menores de edad, DANTZAZ ELKARTEA solicitar\u00e1 la conformidad de los padres o tutores para la recogida de los datos personales o, en su caso, para el tratamiento automatizado de los datos.<\/p>\n","protected":false},"excerpt":{"rendered":"<p>El presente aviso legal (en adelante, el \u00abAviso Legal\u00bb) regula el uso del servicio del portal de Internet www.dantzaz.eus (en adelante, \u00abWeb\u00bb) de DANTZAZ ELKARTEA con domicilio social en c\/ San Blas 4, 3\u00ba dcha, 20013 Donostia\/San Sebastian, Gipuzkoa, con NIF\/CIF G20780631 Legislaci\u00f3n Con car\u00e1cter general las relaciones entre DANTZAZ ELKARTEA con los Usuarios de [&hellip;]<\/p>\n","protected":false},"author":1,"featured_media":0,"parent":0,"menu_order":0,"comment_status":"closed","ping_status":"closed","template":"","meta":{"_acf_changed":false,"_et_pb_use_builder":"","_et_pb_old_content":"","_et_gb_content_width":"","content-type":"","footnotes":""},"class_list":["post-211","page","type-page","status-publish","hentry"],"acf":[],"yoast_head":"<!-- This site is optimized with the Yoast SEO plugin v27.4 - https:\/\/yoast.com\/product\/yoast-seo-wordpress\/ -->\n<title>Aviso legal - Dantzaz<\/title>\n<meta name=\"robots\" content=\"index, follow, max-snippet:-1, max-image-preview:large, max-video-preview:-1\" \/>\n<link rel=\"canonical\" href=\"https:\/\/dantzaz.eus\/es\/aviso-legal\/\" \/>\n<meta property=\"og:locale\" content=\"es_ES\" \/>\n<meta property=\"og:type\" content=\"article\" \/>\n<meta property=\"og:title\" content=\"Aviso legal - Dantzaz\" \/>\n<meta property=\"og:description\" content=\"El presente aviso legal (en adelante, el \u00abAviso Legal\u00bb) regula el uso del servicio del portal de Internet www.dantzaz.eus (en adelante, \u00abWeb\u00bb) de DANTZAZ ELKARTEA con domicilio social en c\/ San Blas 4, 3\u00ba dcha, 20013 Donostia\/San Sebastian, Gipuzkoa, con NIF\/CIF G20780631 Legislaci\u00f3n Con car\u00e1cter general las relaciones entre DANTZAZ ELKARTEA con los Usuarios de [&hellip;]\" \/>\n<meta property=\"og:url\" content=\"https:\/\/dantzaz.eus\/es\/aviso-legal\/\" \/>\n<meta property=\"og:site_name\" content=\"Dantzaz\" \/>\n<meta property=\"article:publisher\" content=\"https:\/\/www.facebook.com\/Dantzaz\" \/>\n<meta property=\"article:modified_time\" content=\"2021-01-21T16:00:26+00:00\" \/>\n<meta name=\"twitter:card\" content=\"summary_large_image\" \/>\n<meta name=\"twitter:label1\" content=\"Tiempo de lectura\" \/>\n\t<meta name=\"twitter:data1\" content=\"2 minutos\" \/>\n<script type=\"application\/ld+json\" class=\"yoast-schema-graph\">{\"@context\":\"https:\\\/\\\/schema.org\",\"@graph\":[{\"@type\":\"WebPage\",\"@id\":\"https:\\\/\\\/dantzaz.eus\\\/es\\\/aviso-legal\\\/\",\"url\":\"https:\\\/\\\/dantzaz.eus\\\/es\\\/aviso-legal\\\/\",\"name\":\"Aviso legal - Dantzaz\",\"isPartOf\":{\"@id\":\"https:\\\/\\\/dantzaz.eus\\\/#website\"},\"datePublished\":\"2021-01-21T15:21:44+00:00\",\"dateModified\":\"2021-01-21T16:00:26+00:00\",\"breadcrumb\":{\"@id\":\"https:\\\/\\\/dantzaz.eus\\\/es\\\/aviso-legal\\\/#breadcrumb\"},\"inLanguage\":\"es\",\"potentialAction\":[{\"@type\":\"ReadAction\",\"target\":[\"https:\\\/\\\/dantzaz.eus\\\/es\\\/aviso-legal\\\/\"]}]},{\"@type\":\"BreadcrumbList\",\"@id\":\"https:\\\/\\\/dantzaz.eus\\\/es\\\/aviso-legal\\\/#breadcrumb\",\"itemListElement\":[{\"@type\":\"ListItem\",\"position\":1,\"name\":\"Home\",\"item\":\"https:\\\/\\\/dantzaz.eus\\\/\"},{\"@type\":\"ListItem\",\"position\":2,\"name\":\"Aviso legal\"}]},{\"@type\":\"WebSite\",\"@id\":\"https:\\\/\\\/dantzaz.eus\\\/#website\",\"url\":\"https:\\\/\\\/dantzaz.eus\\\/\",\"name\":\"Dantzaz\",\"description\":\"Dantzaz\",\"publisher\":{\"@id\":\"https:\\\/\\\/dantzaz.eus\\\/#organization\"},\"potentialAction\":[{\"@type\":\"SearchAction\",\"target\":{\"@type\":\"EntryPoint\",\"urlTemplate\":\"https:\\\/\\\/dantzaz.eus\\\/?s={search_term_string}\"},\"query-input\":{\"@type\":\"PropertyValueSpecification\",\"valueRequired\":true,\"valueName\":\"search_term_string\"}}],\"inLanguage\":\"es\"},{\"@type\":\"Organization\",\"@id\":\"https:\\\/\\\/dantzaz.eus\\\/#organization\",\"name\":\"Dantzaz\",\"url\":\"https:\\\/\\\/dantzaz.eus\\\/\",\"logo\":{\"@type\":\"ImageObject\",\"inLanguage\":\"es\",\"@id\":\"https:\\\/\\\/dantzaz.eus\\\/#\\\/schema\\\/logo\\\/image\\\/\",\"url\":\"https:\\\/\\\/dantzaz.eus\\\/wp-content\\\/uploads\\\/2021\\\/01\\\/logo-footer-1.jpg\",\"contentUrl\":\"https:\\\/\\\/dantzaz.eus\\\/wp-content\\\/uploads\\\/2021\\\/01\\\/logo-footer-1.jpg\",\"width\":255,\"height\":57,\"caption\":\"Dantzaz\"},\"image\":{\"@id\":\"https:\\\/\\\/dantzaz.eus\\\/#\\\/schema\\\/logo\\\/image\\\/\"},\"sameAs\":[\"https:\\\/\\\/www.facebook.com\\\/Dantzaz\",\"https:\\\/\\\/www.instagram.com\\\/dantzaz\",\"https:\\\/\\\/www.linkedin.com\\\/company\\\/dantzaz\"]}]}<\/script>\n<!-- \/ Yoast SEO plugin. -->","yoast_head_json":{"title":"Aviso legal - Dantzaz","robots":{"index":"index","follow":"follow","max-snippet":"max-snippet:-1","max-image-preview":"max-image-preview:large","max-video-preview":"max-video-preview:-1"},"canonical":"https:\/\/dantzaz.eus\/es\/aviso-legal\/","og_locale":"es_ES","og_type":"article","og_title":"Aviso legal - Dantzaz","og_description":"El presente aviso legal (en adelante, el \u00abAviso Legal\u00bb) regula el uso del servicio del portal de Internet www.dantzaz.eus (en adelante, \u00abWeb\u00bb) de DANTZAZ ELKARTEA con domicilio social en c\/ San Blas 4, 3\u00ba dcha, 20013 Donostia\/San Sebastian, Gipuzkoa, con NIF\/CIF G20780631 Legislaci\u00f3n Con car\u00e1cter general las relaciones entre DANTZAZ ELKARTEA con los Usuarios de [&hellip;]","og_url":"https:\/\/dantzaz.eus\/es\/aviso-legal\/","og_site_name":"Dantzaz","article_publisher":"https:\/\/www.facebook.com\/Dantzaz","article_modified_time":"2021-01-21T16:00:26+00:00","twitter_card":"summary_large_image","twitter_misc":{"Tiempo de lectura":"2 minutos"},"schema":{"@context":"https:\/\/schema.org","@graph":[{"@type":"WebPage","@id":"https:\/\/dantzaz.eus\/es\/aviso-legal\/","url":"https:\/\/dantzaz.eus\/es\/aviso-legal\/","name":"Aviso legal - Dantzaz","isPartOf":{"@id":"https:\/\/dantzaz.eus\/#website"},"datePublished":"2021-01-21T15:21:44+00:00","dateModified":"2021-01-21T16:00:26+00:00","breadcrumb":{"@id":"https:\/\/dantzaz.eus\/es\/aviso-legal\/#breadcrumb"},"inLanguage":"es","potentialAction":[{"@type":"ReadAction","target":["https:\/\/dantzaz.eus\/es\/aviso-legal\/"]}]},{"@type":"BreadcrumbList","@id":"https:\/\/dantzaz.eus\/es\/aviso-legal\/#breadcrumb","itemListElement":[{"@type":"ListItem","position":1,"name":"Home","item":"https:\/\/dantzaz.eus\/"},{"@type":"ListItem","position":2,"name":"Aviso legal"}]},{"@type":"WebSite","@id":"https:\/\/dantzaz.eus\/#website","url":"https:\/\/dantzaz.eus\/","name":"Dantzaz","description":"Dantzaz","publisher":{"@id":"https:\/\/dantzaz.eus\/#organization"},"potentialAction":[{"@type":"SearchAction","target":{"@type":"EntryPoint","urlTemplate":"https:\/\/dantzaz.eus\/?s={search_term_string}"},"query-input":{"@type":"PropertyValueSpecification","valueRequired":true,"valueName":"search_term_string"}}],"inLanguage":"es"},{"@type":"Organization","@id":"https:\/\/dantzaz.eus\/#organization","name":"Dantzaz","url":"https:\/\/dantzaz.eus\/","logo":{"@type":"ImageObject","inLanguage":"es","@id":"https:\/\/dantzaz.eus\/#\/schema\/logo\/image\/","url":"https:\/\/dantzaz.eus\/wp-content\/uploads\/2021\/01\/logo-footer-1.jpg","contentUrl":"https:\/\/dantzaz.eus\/wp-content\/uploads\/2021\/01\/logo-footer-1.jpg","width":255,"height":57,"caption":"Dantzaz"},"image":{"@id":"https:\/\/dantzaz.eus\/#\/schema\/logo\/image\/"},"sameAs":["https:\/\/www.facebook.com\/Dantzaz","https:\/\/www.instagram.com\/dantzaz","https:\/\/www.linkedin.com\/company\/dantzaz"]}]}},"_links":{"self":[{"href":"https:\/\/dantzaz.eus\/es\/wp-json\/wp\/v2\/pages\/211","targetHints":{"allow":["GET"]}}],"collection":[{"href":"https:\/\/dantzaz.eus\/es\/wp-json\/wp\/v2\/pages"}],"about":[{"href":"https:\/\/dantzaz.eus\/es\/wp-json\/wp\/v2\/types\/page"}],"author":[{"embeddable":true,"href":"https:\/\/dantzaz.eus\/es\/wp-json\/wp\/v2\/users\/1"}],"replies":[{"embeddable":true,"href":"https:\/\/dantzaz.eus\/es\/wp-json\/wp\/v2\/comments?post=211"}],"version-history":[{"count":2,"href":"https:\/\/dantzaz.eus\/es\/wp-json\/wp\/v2\/pages\/211\/revisions"}],"predecessor-version":[{"id":217,"href":"https:\/\/dantzaz.eus\/es\/wp-json\/wp\/v2\/pages\/211\/revisions\/217"}],"wp:attachment":[{"href":"https:\/\/dantzaz.eus\/es\/wp-json\/wp\/v2\/media?parent=211"}],"curies":[{"name":"wp","href":"https:\/\/api.w.org\/{rel}","templated":true}]}}