{"id":1910,"date":"2022-07-06T17:10:24","date_gmt":"2022-07-06T17:10:24","guid":{"rendered":"https:\/\/dantzaz.eus\/creacion\/"},"modified":"2022-08-06T15:35:44","modified_gmt":"2022-08-06T15:35:44","slug":"creation","status":"publish","type":"page","link":"https:\/\/dantzaz.eus\/en\/creation\/","title":{"rendered":"Creation"},"content":{"rendered":"<p>[et_pb_section fb_built=&#8221;1&#8243; admin_label=&#8221;section&#8221; module_id=&#8221;intro-titular&#8221; _builder_version=&#8221;4.17.4&#8243; background_image=&#8221;https:\/\/dantzaz.eus\/wp-content\/uploads\/2022\/07\/fondo-creacion.jpg&#8221; global_colors_info=&#8221;{}&#8221;][et_pb_row admin_label=&#8221;row&#8221; module_class=&#8221;ancho2&#8243; _builder_version=&#8221;4.17.4&#8243; background_size=&#8221;initial&#8221; background_position=&#8221;top_left&#8221; background_repeat=&#8221;repeat&#8221; global_colors_info=&#8221;{}&#8221;][et_pb_column type=&#8221;4_4&#8243; _builder_version=&#8221;4.16&#8243; custom_padding=&#8221;|||&#8221; global_colors_info=&#8221;{}&#8221; custom_padding__hover=&#8221;|||&#8221;][et_pb_text _builder_version=&#8221;4.17.4&#8243; _module_preset=&#8221;default&#8221; text_text_color=&#8221;#FFFFFF&#8221; global_colors_info=&#8221;{}&#8221;]<\/p>\n<p style=\"text-align: center;\"><strong>An area for the first step in the creation <\/strong><\/p>\n<p>[\/et_pb_text][\/et_pb_column][\/et_pb_row][\/et_pb_section][et_pb_section fb_built=&#8221;1&#8243; module_class=&#8221;ancho2 oscuro zright&#8221; _builder_version=&#8221;4.17.4&#8243; _module_preset=&#8221;default&#8221; background_color=&#8221;#222222&#8243; global_colors_info=&#8221;{}&#8221;][et_pb_row module_class=&#8221;ancho2&#8243; _builder_version=&#8221;4.17.4&#8243; _module_preset=&#8221;default&#8221; custom_padding=&#8221;||0px||false|false&#8221; global_colors_info=&#8221;{}&#8221;][et_pb_column type=&#8221;4_4&#8243; _builder_version=&#8221;4.17.4&#8243; _module_preset=&#8221;default&#8221; global_colors_info=&#8221;{}&#8221;][et_pb_text _builder_version=&#8221;4.17.4&#8243; _module_preset=&#8221;default&#8221; text_text_color=&#8221;#FFFFFF&#8221; text_orientation=&#8221;center&#8221; global_colors_info=&#8221;{}&#8221;]<\/p>\n<p class=\"dantzaz gris\">Dantzaz is creation<\/p>\n<h1>Dantzaz is creation<\/h1>\n<p>[\/et_pb_text][et_pb_text _builder_version=&#8221;4.17.4&#8243; _module_preset=&#8221;default&#8221; hover_enabled=&#8221;0&#8243; global_colors_info=&#8221;{}&#8221; sticky_enabled=&#8221;0&#8243;]<\/p>\n<h3><span class=\"capital\">Z<\/span>ONE<\/h3>\n<h3 class=\"destacado\">RESIDENCY PROGRAMME<\/h3>\n<p>[\/et_pb_text][\/et_pb_column][\/et_pb_row][et_pb_row column_structure=&#8221;1_2,1_2&#8243; module_class=&#8221;ancho2&#8243; _builder_version=&#8221;4.17.4&#8243; _module_preset=&#8221;default&#8221; global_colors_info=&#8221;{}&#8221;][et_pb_column type=&#8221;1_2&#8243; _builder_version=&#8221;4.17.4&#8243; _module_preset=&#8221;default&#8221; global_colors_info=&#8221;{}&#8221;][et_pb_text module_class=&#8221;destacado2&#8243; _builder_version=&#8221;4.17.4&#8243; _module_preset=&#8221;default&#8221; global_colors_info=&#8221;{}&#8221;]<\/p>\n<p>This is the name of the first area that brings new talents in choreographic writing into contact with Dantzaz. The company offers residencies of various formats inspired by the needs of each creative process and mutual knowledge.<\/p>\n<p>[\/et_pb_text][et_pb_text module_class=&#8221;montaje&#8221; _builder_version=&#8221;4.17.4&#8243; _module_preset=&#8221;default&#8221; global_colors_info=&#8221;{}&#8221;]<\/p>\n<p><img loading=\"lazy\" decoding=\"async\" class=\"alignnone wp-image-654 size-full\" src=\"https:\/\/dantzaz.eus\/wp-content\/uploads\/2022\/07\/creacion3.jpg\" alt=\"\" width=\"296\" height=\"484\" srcset=\"https:\/\/dantzaz.eus\/wp-content\/uploads\/2022\/07\/creacion3.jpg 296w, https:\/\/dantzaz.eus\/wp-content\/uploads\/2022\/07\/creacion3-183x300.jpg 183w\" sizes=\"(max-width: 296px) 100vw, 296px\" \/><img loading=\"lazy\" decoding=\"async\" class=\"alignnone wp-image-652 size-full\" src=\"https:\/\/dantzaz.eus\/wp-content\/uploads\/2022\/07\/creacion7.jpg\" alt=\"\" width=\"481\" height=\"340\" srcset=\"https:\/\/dantzaz.eus\/wp-content\/uploads\/2022\/07\/creacion7.jpg 481w, https:\/\/dantzaz.eus\/wp-content\/uploads\/2022\/07\/creacion7-300x212.jpg 300w, https:\/\/dantzaz.eus\/wp-content\/uploads\/2022\/07\/creacion7-400x284.jpg 400w\" sizes=\"(max-width: 481px) 100vw, 481px\" \/><\/p>\n<p>[\/et_pb_text][\/et_pb_column][et_pb_column type=&#8221;1_2&#8243; _builder_version=&#8221;4.17.4&#8243; _module_preset=&#8221;default&#8221; global_colors_info=&#8221;{}&#8221;][et_pb_text module_class=&#8221;rosa&#8221; _builder_version=&#8221;4.17.4&#8243; _module_preset=&#8221;default&#8221; global_colors_info=&#8221;{}&#8221;]<\/p>\n<p>hey are, in short, the prelude to the subsequent development of artistic projects and productions. Every year, and through different programmes and modalities, Dantzaz hosts between 3 and 4 choreographers at ZONE.<\/p>\n<p>Throughout the history of Dantzaz, the residency programmes have been adapted to the nature of those local and international agreements that stimulate choreographic creation with incredible energy and projection. As a result of this dialogical listening, Dantzaz promotes and welcomes:<\/p>\n<p>[\/et_pb_text][et_pb_image src=&#8221;https:\/\/dantzaz.eus\/wp-content\/uploads\/2022\/07\/creacion6.jpg&#8221; title_text=&#8221;creacion6&#8243; align=&#8221;center&#8221; module_class=&#8221;escritorio&#8221; _builder_version=&#8221;4.17.4&#8243; _module_preset=&#8221;default&#8221; global_colors_info=&#8221;{}&#8221;][\/et_pb_image][\/et_pb_column][\/et_pb_row][\/et_pb_section][et_pb_section fb_built=&#8221;1&#8243; module_class=&#8221;ancho2 zleft&#8221; _builder_version=&#8221;4.17.4&#8243; _module_preset=&#8221;default&#8221; custom_padding=&#8221;35px||35px||false|false&#8221; global_colors_info=&#8221;{}&#8221;][et_pb_row column_structure=&#8221;1_2,1_2&#8243; make_equal=&#8221;on&#8221; module_class=&#8221;recuadros&#8221; _builder_version=&#8221;4.17.4&#8243; _module_preset=&#8221;default&#8221; global_colors_info=&#8221;{}&#8221;][et_pb_column type=&#8221;1_2&#8243; _builder_version=&#8221;4.17.4&#8243; _module_preset=&#8221;default&#8221; global_colors_info=&#8221;{}&#8221;][et_pb_text module_class=&#8221;recuadro&#8221; _builder_version=&#8221;4.17.4&#8243; _module_preset=&#8221;default&#8221; global_colors_info=&#8221;{}&#8221;]<\/p>\n<h4><strong>Reciprocal international residencies<\/strong><\/h4>\n<p>Local artists (from the Euskadi-Navarre-New Aquitaine Euroregion) exchange workspaces with international creators. To this end, Dantzaz has established collaboration agreements with entities in Italy, Scotland, the Netherlands, Quebec (Canada) and Slovenia and is currently extending its network of partners to Mexico, Costa Rica and other Latin American countries.<\/p>\n<p>[\/et_pb_text][\/et_pb_column][et_pb_column type=&#8221;1_2&#8243; _builder_version=&#8221;4.17.4&#8243; _module_preset=&#8221;default&#8221; global_colors_info=&#8221;{}&#8221;][et_pb_text module_class=&#8221;recuadro&#8221; _builder_version=&#8221;4.17.4&#8243; _module_preset=&#8221;default&#8221; global_colors_info=&#8221;{}&#8221;]<\/p>\n<h4><strong>Agreements with choreographic competitions<\/strong><\/h4>\n<p>Dantzaz also supports the emergence of new talent at local, national and international levels through various agreements signed with prestigious choreographic competitions such as those in Sens (France), Stuttgart and Hannover (Germany), or Madrid.<\/p>\n<p>[\/et_pb_text][\/et_pb_column][\/et_pb_row][et_pb_row column_structure=&#8221;1_2,1_2&#8243; make_equal=&#8221;on&#8221; module_class=&#8221;recuadros&#8221; _builder_version=&#8221;4.17.4&#8243; _module_preset=&#8221;default&#8221; global_colors_info=&#8221;{}&#8221;][et_pb_column type=&#8221;1_2&#8243; _builder_version=&#8221;4.17.4&#8243; _module_preset=&#8221;default&#8221; global_colors_info=&#8221;{}&#8221;][et_pb_text module_class=&#8221;recuadro&#8221; _builder_version=&#8221;4.17.4&#8243; _module_preset=&#8221;default&#8221; global_colors_info=&#8221;{}&#8221;]<\/p>\n<h4><strong>Former members of Dantzaz<\/strong><\/h4>\n<p>The contact and monitoring of the extensive network of professionals who pass through Dantzaz (more than 150) give meaning to this reception line in residence of former company members whose aim is to strengthen their artistic evolution. Judith Arg\u00f3maniz and Martin Harriague, among others, are former members of Dantzaz who have had the opportunity to sign choreographies for the company.<\/p>\n<p>[\/et_pb_text][\/et_pb_column][et_pb_column type=&#8221;1_2&#8243; _builder_version=&#8221;4.17.4&#8243; _module_preset=&#8221;default&#8221; global_colors_info=&#8221;{}&#8221;][et_pb_text module_class=&#8221;recuadro&#8221; _builder_version=&#8221;4.17.4&#8243; _module_preset=&#8221;default&#8221; global_colors_info=&#8221;{}&#8221;]<\/p>\n<h4><strong>Own curatorship<\/strong><\/h4>\n<p>Dantzaz invites choreographers to participate in self-curated residencies based on a broad ecosystem that addresses the needs of local audiences and programmers and the interests of performers and the local dance sector.<\/p>\n<p>[\/et_pb_text][\/et_pb_column][\/et_pb_row][et_pb_row _builder_version=&#8221;4.17.4&#8243; _module_preset=&#8221;default&#8221; global_colors_info=&#8221;{}&#8221;][et_pb_column type=&#8221;4_4&#8243; _builder_version=&#8221;4.17.4&#8243; _module_preset=&#8221;default&#8221; global_colors_info=&#8221;{}&#8221;][et_pb_text module_class=&#8221; ancho3&#8243; _builder_version=&#8221;4.17.4&#8243; _module_preset=&#8221;default&#8221; global_colors_info=&#8221;{}&#8221;]<\/p>\n<p class=\"destacado3\">These residencies, lasting between two and six weeks, consider aspects such as exploration, research, mediation and choreographic creation. Some of these hosting processes also include the development of a simple production with specific costumes and lighting.<\/p>\n<p><strong>If you are a creator and want to be part of our ZONE (residency programme), write to us at <a href=\"mailto:artistik@dantzaz.eus\">artistik@dantzaz.eus<\/a>.<\/strong><\/p>\n<p>[\/et_pb_text][\/et_pb_column][\/et_pb_row][\/et_pb_section][et_pb_section fb_built=&#8221;1&#8243; module_class=&#8221;fondovideo&#8221; _builder_version=&#8221;4.17.4&#8243; _module_preset=&#8221;default&#8221; background_enable_color=&#8221;off&#8221; background_image=&#8221;https:\/\/dantzaz.eus\/wp-content\/uploads\/2022\/07\/fondo-video.jpg&#8221; global_colors_info=&#8221;{}&#8221;][et_pb_row module_class=&#8221;ancho2&#8243; _builder_version=&#8221;4.17.4&#8243; _module_preset=&#8221;default&#8221; custom_padding=&#8221;||0px||false|false&#8221; global_colors_info=&#8221;{}&#8221;][et_pb_column type=&#8221;4_4&#8243; _builder_version=&#8221;4.17.4&#8243; _module_preset=&#8221;default&#8221; global_colors_info=&#8221;{}&#8221;][et_pb_image src=&#8221;https:\/\/dantzaz.eus\/wp-content\/uploads\/2022\/07\/play2.png&#8221; title_text=&#8221;play2&#8243; url=&#8221;https:\/\/player.vimeo.com\/video\/692195164?h=5a20840510&#038;autoplay=1&#8243; align=&#8221;center&#8221; module_class=&#8221;video_popup&#8221; _builder_version=&#8221;4.17.4&#8243; _module_preset=&#8221;default&#8221; global_colors_info=&#8221;{}&#8221;][\/et_pb_image][et_pb_code _builder_version=&#8221;4.17.4&#8243; _module_preset=&#8221;default&#8221; global_colors_info=&#8221;{}&#8221;]<script type=\"text\/javascript\"><!-- [et_pb_line_break_holder] -->(function($) {<!-- [et_pb_line_break_holder] -->\t$(document).ready(function() {<!-- [et_pb_line_break_holder] -->\t\t$('a.video_popup, .video_popup a').magnificPopup({<!-- [et_pb_line_break_holder] -->\t\t\ttype: 'iframe',<!-- [et_pb_line_break_holder] -->\t\t\tmainClass: 'mfp-fade',<!-- [et_pb_line_break_holder] -->\t\t\tremovalDelay: 160,<!-- [et_pb_line_break_holder] -->\t\t\tpreloader: false,<!-- [et_pb_line_break_holder] -->\t\t\tfixedContentPos: false,<!-- [et_pb_line_break_holder] -->       autoplay: true<!-- [et_pb_line_break_holder] -->\t\t});<!-- [et_pb_line_break_holder] -->\t});<!-- [et_pb_line_break_holder] -->})(jQuery);<!-- [et_pb_line_break_holder] --><\/script>[\/et_pb_code][\/et_pb_column][\/et_pb_row][\/et_pb_section][et_pb_section fb_built=&#8221;1&#8243; module_class=&#8221;ancho2 oscuro zright&#8221; _builder_version=&#8221;4.17.4&#8243; _module_preset=&#8221;default&#8221; background_color=&#8221;#222222&#8243; global_colors_info=&#8221;{}&#8221;][et_pb_row module_class=&#8221;ancho2&#8243; _builder_version=&#8221;4.17.4&#8243; _module_preset=&#8221;default&#8221; custom_padding=&#8221;||0px||false|false&#8221; global_colors_info=&#8221;{}&#8221;][et_pb_column type=&#8221;4_4&#8243; _builder_version=&#8221;4.17.4&#8243; _module_preset=&#8221;default&#8221; global_colors_info=&#8221;{}&#8221;][et_pb_text module_class=&#8221;fucsia&#8221; _builder_version=&#8221;4.17.4&#8243; _module_preset=&#8221;default&#8221; global_colors_info=&#8221;{}&#8221;]<\/p>\n<h2>Atalak Network<\/h2>\n<p>[\/et_pb_text][\/et_pb_column][\/et_pb_row][et_pb_row column_structure=&#8221;1_2,1_2&#8243; module_class=&#8221;ancho2&#8243; _builder_version=&#8221;4.17.4&#8243; _module_preset=&#8221;default&#8221; global_colors_info=&#8221;{}&#8221;][et_pb_column type=&#8221;1_2&#8243; _builder_version=&#8221;4.17.4&#8243; _module_preset=&#8221;default&#8221; global_colors_info=&#8221;{}&#8221;][et_pb_text module_class=&#8221;destacado&#8221; _builder_version=&#8221;4.17.4&#8243; _module_preset=&#8221;default&#8221; global_colors_info=&#8221;{}&#8221;]<\/p>\n<p>The mission behind the birth of the Atalak Network is the development of opportunities for the contemporary dance sector in the Euskadi-Navarre-New Aquitaine Euroregion.<\/p>\n<p>[\/et_pb_text][et_pb_image src=&#8221;https:\/\/dantzaz.eus\/wp-content\/uploads\/2022\/07\/creacion.jpg&#8221; title_text=&#8221;creacion&#8221; _builder_version=&#8221;4.17.4&#8243; _module_preset=&#8221;default&#8221; global_colors_info=&#8221;{}&#8221;][\/et_pb_image][\/et_pb_column][et_pb_column type=&#8221;1_2&#8243; _builder_version=&#8221;4.17.4&#8243; _module_preset=&#8221;default&#8221; global_colors_info=&#8221;{}&#8221;][et_pb_text module_class=&#8221;rosa&#8221; _builder_version=&#8221;4.17.4&#8243; _module_preset=&#8221;default&#8221; global_colors_info=&#8221;{}&#8221;]<\/p>\n<p>Dantzaz is the leader of this cross-border network made up of the CCN Malandain-Ballet Biarritz, the Baluarte Foundation, Tabakalera, Gipuzkoako Dantzagunea and the Vitoria-Gasteiz Theatre Network, as well as an increasingly extensive platform of allies that includes institutions such as the Escuela Superior de Arte Dram\u00e1tico y Danza-Dantzerti, the Espacio de Creaci\u00f3n Azala, the Conservatorio de Danza Jos\u00e9 Uru\u00f1uela de Vitoria-Gasteiz, the Archivo de la M\u00fasica y Artes Esc\u00e9nicas de Navarra and ERESBIL, among others.<\/p>\n<p>Atalak promotes residencies for experimentation and research, promotes group choreographic writing processes (between 8 and 14 performers) and facilitates accompaniment in developing artists&#8217; proposals in the initial stages of their careers. In a complementary way, it generates networking spaces and offers tools for interrelation with audiences and the local territory. More information at\u00a0<a href=\"https:\/\/atalak.org\/\" target=\"_blank\" rel=\"noopener\">www.atalak.org<\/a>.<\/p>\n<p>[\/et_pb_text][et_pb_image src=&#8221;https:\/\/dantzaz.eus\/wp-content\/uploads\/2022\/07\/play2.png&#8221; title_text=&#8221;play2&#8243; show_in_lightbox=&#8221;on&#8221; module_class=&#8221;quitar&#8221; _builder_version=&#8221;4.17.4&#8243; _module_preset=&#8221;default&#8221; global_colors_info=&#8221;{}&#8221;][\/et_pb_image][\/et_pb_column][\/et_pb_row][\/et_pb_section][et_pb_section fb_built=&#8221;1&#8243; disabled_on=&#8221;on|on|on&#8221; _builder_version=&#8221;4.17.4&#8243; _module_preset=&#8221;default&#8221; background_color=&#8221;#000000&#8243; background_enable_image=&#8221;off&#8221; custom_padding=&#8221;0px||0px||false|false&#8221; disabled=&#8221;on&#8221; global_colors_info=&#8221;{}&#8221;][et_pb_row module_class=&#8221;ancho2 video-play&#8221; _builder_version=&#8221;4.17.4&#8243; _module_preset=&#8221;default&#8221; custom_padding=&#8221;0px||0px||false|false&#8221; global_colors_info=&#8221;{}&#8221;][et_pb_column type=&#8221;4_4&#8243; _builder_version=&#8221;4.17.4&#8243; _module_preset=&#8221;default&#8221; global_colors_info=&#8221;{}&#8221;][et_pb_image src=&#8221;https:\/\/dantzaz.eus\/wp-content\/uploads\/2022\/07\/video2.jpg&#8221; title_text=&#8221;video2&#8243; align=&#8221;center&#8221; _builder_version=&#8221;4.17.4&#8243; _module_preset=&#8221;default&#8221; custom_margin=&#8221;||0px||false|false&#8221; global_colors_info=&#8221;{}&#8221;][\/et_pb_image][et_pb_code _builder_version=&#8221;4.17.4&#8243; _module_preset=&#8221;default&#8221; global_colors_info=&#8221;{}&#8221;] <a rel=\"noreferrer\" href=\"https:\/\/vimeo.com\/491966058\" class=\"vp-a vp-vim-type vp-modal-click vp-modal-click_shortcode vp-has-img\"><img decoding=\"async\" class=\"vp-img\" src=\"https:\/\/dantzaz.eus\/wp-content\/uploads\/2022\/07\/play.png\"><\/a>[\/et_pb_code][\/et_pb_column][\/et_pb_row][\/et_pb_section]<\/p>\n","protected":false},"excerpt":{"rendered":"<p>An area for the first step in the creation Dantzaz is creation Dantzaz is creationZONE RESIDENCY PROGRAMMEThis is the name of the first area that brings new talents in choreographic writing into contact with Dantzaz. The company offers residencies of various formats inspired by the needs of each creative process and mutual knowledge.hey are, in [&hellip;]<\/p>\n","protected":false},"author":1,"featured_media":0,"parent":0,"menu_order":0,"comment_status":"closed","ping_status":"closed","template":"","meta":{"_acf_changed":false,"_et_pb_use_builder":"on","_et_pb_old_content":"","_et_gb_content_width":"","content-type":"","footnotes":""},"class_list":["post-1910","page","type-page","status-publish","hentry"],"acf":[],"yoast_head":"<!-- This site is optimized with the Yoast SEO plugin v27.3 - https:\/\/yoast.com\/product\/yoast-seo-wordpress\/ -->\n<title>Creation - Dantzaz<\/title>\n<meta name=\"robots\" content=\"index, follow, max-snippet:-1, max-image-preview:large, max-video-preview:-1\" \/>\n<link rel=\"canonical\" href=\"https:\/\/dantzaz.eus\/sorkuntza\/\" \/>\n<meta property=\"og:locale\" content=\"en_US\" \/>\n<meta property=\"og:type\" content=\"article\" \/>\n<meta property=\"og:title\" content=\"Creation - Dantzaz\" \/>\n<meta property=\"og:description\" content=\"An area for the first step in the creation Dantzaz is creation Dantzaz is creationZONE RESIDENCY PROGRAMMEThis is the name of the first area that brings new talents in choreographic writing into contact with Dantzaz. The company offers residencies of various formats inspired by the needs of each creative process and mutual knowledge.hey are, in [&hellip;]\" \/>\n<meta property=\"og:url\" content=\"https:\/\/dantzaz.eus\/sorkuntza\/\" \/>\n<meta property=\"og:site_name\" content=\"Dantzaz\" \/>\n<meta property=\"article:publisher\" content=\"https:\/\/www.facebook.com\/Dantzaz\" \/>\n<meta property=\"article:modified_time\" content=\"2022-08-06T15:35:44+00:00\" \/>\n<meta property=\"og:image\" content=\"https:\/\/dantzaz.eus\/wp-content\/uploads\/2022\/07\/creacion3.jpg\" \/>\n\t<meta property=\"og:image:width\" content=\"296\" \/>\n\t<meta property=\"og:image:height\" content=\"484\" \/>\n\t<meta property=\"og:image:type\" content=\"image\/jpeg\" \/>\n<meta name=\"twitter:card\" content=\"summary_large_image\" \/>\n<meta name=\"twitter:label1\" content=\"Est. reading time\" \/>\n\t<meta name=\"twitter:data1\" content=\"8 minutes\" \/>\n<script type=\"application\/ld+json\" class=\"yoast-schema-graph\">{\"@context\":\"https:\\\/\\\/schema.org\",\"@graph\":[{\"@type\":\"WebPage\",\"@id\":\"https:\\\/\\\/dantzaz.eus\\\/sorkuntza\\\/\",\"url\":\"https:\\\/\\\/dantzaz.eus\\\/sorkuntza\\\/\",\"name\":\"Creation - Dantzaz\",\"isPartOf\":{\"@id\":\"https:\\\/\\\/dantzaz.eus\\\/#website\"},\"primaryImageOfPage\":{\"@id\":\"https:\\\/\\\/dantzaz.eus\\\/sorkuntza\\\/#primaryimage\"},\"image\":{\"@id\":\"https:\\\/\\\/dantzaz.eus\\\/sorkuntza\\\/#primaryimage\"},\"thumbnailUrl\":\"https:\\\/\\\/dantzaz.eus\\\/wp-content\\\/uploads\\\/2022\\\/07\\\/creacion3.jpg\",\"datePublished\":\"2022-07-06T17:10:24+00:00\",\"dateModified\":\"2022-08-06T15:35:44+00:00\",\"breadcrumb\":{\"@id\":\"https:\\\/\\\/dantzaz.eus\\\/sorkuntza\\\/#breadcrumb\"},\"inLanguage\":\"en-US\",\"potentialAction\":[{\"@type\":\"ReadAction\",\"target\":[\"https:\\\/\\\/dantzaz.eus\\\/sorkuntza\\\/\"]}]},{\"@type\":\"ImageObject\",\"inLanguage\":\"en-US\",\"@id\":\"https:\\\/\\\/dantzaz.eus\\\/sorkuntza\\\/#primaryimage\",\"url\":\"https:\\\/\\\/dantzaz.eus\\\/wp-content\\\/uploads\\\/2022\\\/07\\\/creacion3.jpg\",\"contentUrl\":\"https:\\\/\\\/dantzaz.eus\\\/wp-content\\\/uploads\\\/2022\\\/07\\\/creacion3.jpg\"},{\"@type\":\"BreadcrumbList\",\"@id\":\"https:\\\/\\\/dantzaz.eus\\\/sorkuntza\\\/#breadcrumb\",\"itemListElement\":[{\"@type\":\"ListItem\",\"position\":1,\"name\":\"Home\",\"item\":\"https:\\\/\\\/dantzaz.eus\\\/\"},{\"@type\":\"ListItem\",\"position\":2,\"name\":\"Creation\"}]},{\"@type\":\"WebSite\",\"@id\":\"https:\\\/\\\/dantzaz.eus\\\/#website\",\"url\":\"https:\\\/\\\/dantzaz.eus\\\/\",\"name\":\"Dantzaz\",\"description\":\"Dantzaz\",\"publisher\":{\"@id\":\"https:\\\/\\\/dantzaz.eus\\\/#organization\"},\"potentialAction\":[{\"@type\":\"SearchAction\",\"target\":{\"@type\":\"EntryPoint\",\"urlTemplate\":\"https:\\\/\\\/dantzaz.eus\\\/?s={search_term_string}\"},\"query-input\":{\"@type\":\"PropertyValueSpecification\",\"valueRequired\":true,\"valueName\":\"search_term_string\"}}],\"inLanguage\":\"en-US\"},{\"@type\":\"Organization\",\"@id\":\"https:\\\/\\\/dantzaz.eus\\\/#organization\",\"name\":\"Dantzaz\",\"url\":\"https:\\\/\\\/dantzaz.eus\\\/\",\"logo\":{\"@type\":\"ImageObject\",\"inLanguage\":\"en-US\",\"@id\":\"https:\\\/\\\/dantzaz.eus\\\/#\\\/schema\\\/logo\\\/image\\\/\",\"url\":\"https:\\\/\\\/dantzaz.eus\\\/wp-content\\\/uploads\\\/2021\\\/01\\\/logo-footer-1.jpg\",\"contentUrl\":\"https:\\\/\\\/dantzaz.eus\\\/wp-content\\\/uploads\\\/2021\\\/01\\\/logo-footer-1.jpg\",\"width\":255,\"height\":57,\"caption\":\"Dantzaz\"},\"image\":{\"@id\":\"https:\\\/\\\/dantzaz.eus\\\/#\\\/schema\\\/logo\\\/image\\\/\"},\"sameAs\":[\"https:\\\/\\\/www.facebook.com\\\/Dantzaz\",\"https:\\\/\\\/www.instagram.com\\\/dantzaz\",\"https:\\\/\\\/www.linkedin.com\\\/company\\\/dantzaz\"]}]}<\/script>\n<!-- \/ Yoast SEO plugin. -->","yoast_head_json":{"title":"Creation - Dantzaz","robots":{"index":"index","follow":"follow","max-snippet":"max-snippet:-1","max-image-preview":"max-image-preview:large","max-video-preview":"max-video-preview:-1"},"canonical":"https:\/\/dantzaz.eus\/sorkuntza\/","og_locale":"en_US","og_type":"article","og_title":"Creation - Dantzaz","og_description":"An area for the first step in the creation Dantzaz is creation Dantzaz is creationZONE RESIDENCY PROGRAMMEThis is the name of the first area that brings new talents in choreographic writing into contact with Dantzaz. The company offers residencies of various formats inspired by the needs of each creative process and mutual knowledge.hey are, in [&hellip;]","og_url":"https:\/\/dantzaz.eus\/sorkuntza\/","og_site_name":"Dantzaz","article_publisher":"https:\/\/www.facebook.com\/Dantzaz","article_modified_time":"2022-08-06T15:35:44+00:00","og_image":[{"width":296,"height":484,"url":"https:\/\/dantzaz.eus\/wp-content\/uploads\/2022\/07\/creacion3.jpg","type":"image\/jpeg"}],"twitter_card":"summary_large_image","twitter_misc":{"Est. reading time":"8 minutes"},"schema":{"@context":"https:\/\/schema.org","@graph":[{"@type":"WebPage","@id":"https:\/\/dantzaz.eus\/sorkuntza\/","url":"https:\/\/dantzaz.eus\/sorkuntza\/","name":"Creation - Dantzaz","isPartOf":{"@id":"https:\/\/dantzaz.eus\/#website"},"primaryImageOfPage":{"@id":"https:\/\/dantzaz.eus\/sorkuntza\/#primaryimage"},"image":{"@id":"https:\/\/dantzaz.eus\/sorkuntza\/#primaryimage"},"thumbnailUrl":"https:\/\/dantzaz.eus\/wp-content\/uploads\/2022\/07\/creacion3.jpg","datePublished":"2022-07-06T17:10:24+00:00","dateModified":"2022-08-06T15:35:44+00:00","breadcrumb":{"@id":"https:\/\/dantzaz.eus\/sorkuntza\/#breadcrumb"},"inLanguage":"en-US","potentialAction":[{"@type":"ReadAction","target":["https:\/\/dantzaz.eus\/sorkuntza\/"]}]},{"@type":"ImageObject","inLanguage":"en-US","@id":"https:\/\/dantzaz.eus\/sorkuntza\/#primaryimage","url":"https:\/\/dantzaz.eus\/wp-content\/uploads\/2022\/07\/creacion3.jpg","contentUrl":"https:\/\/dantzaz.eus\/wp-content\/uploads\/2022\/07\/creacion3.jpg"},{"@type":"BreadcrumbList","@id":"https:\/\/dantzaz.eus\/sorkuntza\/#breadcrumb","itemListElement":[{"@type":"ListItem","position":1,"name":"Home","item":"https:\/\/dantzaz.eus\/"},{"@type":"ListItem","position":2,"name":"Creation"}]},{"@type":"WebSite","@id":"https:\/\/dantzaz.eus\/#website","url":"https:\/\/dantzaz.eus\/","name":"Dantzaz","description":"Dantzaz","publisher":{"@id":"https:\/\/dantzaz.eus\/#organization"},"potentialAction":[{"@type":"SearchAction","target":{"@type":"EntryPoint","urlTemplate":"https:\/\/dantzaz.eus\/?s={search_term_string}"},"query-input":{"@type":"PropertyValueSpecification","valueRequired":true,"valueName":"search_term_string"}}],"inLanguage":"en-US"},{"@type":"Organization","@id":"https:\/\/dantzaz.eus\/#organization","name":"Dantzaz","url":"https:\/\/dantzaz.eus\/","logo":{"@type":"ImageObject","inLanguage":"en-US","@id":"https:\/\/dantzaz.eus\/#\/schema\/logo\/image\/","url":"https:\/\/dantzaz.eus\/wp-content\/uploads\/2021\/01\/logo-footer-1.jpg","contentUrl":"https:\/\/dantzaz.eus\/wp-content\/uploads\/2021\/01\/logo-footer-1.jpg","width":255,"height":57,"caption":"Dantzaz"},"image":{"@id":"https:\/\/dantzaz.eus\/#\/schema\/logo\/image\/"},"sameAs":["https:\/\/www.facebook.com\/Dantzaz","https:\/\/www.instagram.com\/dantzaz","https:\/\/www.linkedin.com\/company\/dantzaz"]}]}},"_links":{"self":[{"href":"https:\/\/dantzaz.eus\/en\/wp-json\/wp\/v2\/pages\/1910","targetHints":{"allow":["GET"]}}],"collection":[{"href":"https:\/\/dantzaz.eus\/en\/wp-json\/wp\/v2\/pages"}],"about":[{"href":"https:\/\/dantzaz.eus\/en\/wp-json\/wp\/v2\/types\/page"}],"author":[{"embeddable":true,"href":"https:\/\/dantzaz.eus\/en\/wp-json\/wp\/v2\/users\/1"}],"replies":[{"embeddable":true,"href":"https:\/\/dantzaz.eus\/en\/wp-json\/wp\/v2\/comments?post=1910"}],"version-history":[{"count":5,"href":"https:\/\/dantzaz.eus\/en\/wp-json\/wp\/v2\/pages\/1910\/revisions"}],"predecessor-version":[{"id":1944,"href":"https:\/\/dantzaz.eus\/en\/wp-json\/wp\/v2\/pages\/1910\/revisions\/1944"}],"wp:attachment":[{"href":"https:\/\/dantzaz.eus\/en\/wp-json\/wp\/v2\/media?parent=1910"}],"curies":[{"name":"wp","href":"https:\/\/api.w.org\/{rel}","templated":true}]}}